{"id":118,"date":"2019-11-20T22:14:10","date_gmt":"2019-11-21T01:14:10","guid":{"rendered":"http:\/\/ceranegra.com.br\/wordpress\/affiliate-dashboard\/"},"modified":"2020-05-01T00:04:45","modified_gmt":"2020-05-01T03:04:45","slug":"affiliate-dashboard","status":"publish","type":"page","link":"https:\/\/ceranegra.com.br\/wordpress\/affiliate-dashboard\/","title":{"rendered":"Seja um Afiliado"},"content":{"rendered":"\n<div class=\"yith-wcaf yith-wcaf-registration-form woocommerce\">\n\n\t    <font size=3 color=666666>Se voc\u00ea j\u00e1 se cadastrou como afiliado\/parceiro <a href=\"http:\/\/ceranegra.com.br\/wordpress\/my-account\/\" style=\"color:orange\">clique aqui para fazer o <b>LOGIN<\/b><\/a><\/font><br><br>\n    <font size=3 color=666666>Conhe\u00e7a nossos termos de <a href=\"http:\/\/ceranegra.com.br\/wordpress\/termosafiliado\/\" style=\"color:orange\"><b>AFILIADO\/PARCEIRO<\/b><\/a><\/font>\n\t\n\t\t\n\t\t\t\n\t\t\t\n\n\t\t\t\t<h2>Cadastre-se e receba comiss\u00f5es<\/h2>\n\n\t\t\t\t<form method=\"post\" class=\"register\">\n\n\t\t\t\t\t<div class=\"woocommerce-message\" role=\"alert\">Sign up now and receive <b>10 Points<\/b><\/div>\n                    \n                    \n                        \n                        <p class=\"form-row form-row-wide\">\n                            <label for=\"reg_first_name\">Primeiro nome<\/label>\n                            <input type=\"text\" class=\"input-text\" name=\"first_name\" id=\"reg_first_name\" value=\"\" \/>\n                        <\/p>\n\n                    \n                    \n\t                    \n                        <p class=\"form-row form-row-wide\">\n                            <label for=\"reg_last_name\">\u00daltimo nome<\/label>\n                            <input type=\"text\" class=\"input-text\" name=\"last_name\" id=\"reg_last_name\" value=\"\" \/>\n                        <\/p>\n\n                    \n                    \n                    <p class=\"form-row form-row-wide\">\n                        <label for=\"reg_email\">Seu e-mail <span class=\"required\">*<\/span><\/label>\n                        <input type=\"email\" class=\"input-text\" name=\"email\" id=\"reg_email\" value=\"\" \/>\n                    <\/p>\n\n                    \n                        <p class=\"form-row form-row-wide\">\n                            <label for=\"reg_password\">Password <span class=\"required\">*<\/span><\/label>\n                            <input type=\"password\" class=\"input-text\" name=\"password\" id=\"reg_password\" \/>\n                        <\/p>\n\n                    \n                                        <p class=\"form-row form-row-wide\">\n                        <label for=\"payment_email\">E-mail dados de pagamento <span class=\"required\">*<\/span><\/label>\n                        <input type=\"email\" class=\"input-text\" name=\"payment_email\" id=\"payment_email\" value=\"\" \/>\n                    <\/p>\n                    \n                    <!-- Spam Trap -->\n                    <div style=\"left: -999em; position: absolute;\"><label for=\"trap\">Anti-spam<\/label><input type=\"text\" name=\"email_2\" id=\"trap\" tabindex=\"-1\" \/><\/div>\n\n                                        <wc-order-attribution-inputs><\/wc-order-attribution-inputs><div class=\"woocommerce-privacy-policy-text\"><p>Seus dados pessoais ser\u00e3o usados para aprimorar a sua experi\u00eancia em todo este site, para gerenciar o acesso a sua conta e para outros prop\u00f3sitos, como descritos em nossa <a href=\"https:\/\/ceranegra.com.br\/wordpress\/politica-de-privacidade\/\" class=\"woocommerce-privacy-policy-link\" target=\"_blank\">pol\u00edtica de privacidade<\/a>.<\/p>\n<\/div>\n                    <p class=\"form-row\">\n                        <input type=\"hidden\" id=\"woocommerce-register-nonce\" name=\"woocommerce-register-nonce\" value=\"9539a5990f\" \/><input type=\"hidden\" name=\"_wp_http_referer\" value=\"\/wordpress\/wp-json\/wp\/v2\/pages\/118\" \/>                        <input type=\"hidden\" id=\"register_affiliate\" name=\"register_affiliate\" value=\"44b882a0e3\" \/>\n                        <input type=\"submit\" class=\"button\" name=\"register\" value=\"Cadastrar\" \/>\n                    <\/p>\n\n                    \n                <\/form>\n\n\t\t\t\n\t\t\n\t\n<\/div>\n","protected":false},"excerpt":{"rendered":"","protected":false},"author":1,"featured_media":0,"parent":0,"menu_order":0,"comment_status":"closed","ping_status":"closed","template":"","meta":{"footnotes":""},"class_list":["post-118","page","type-page","status-publish","hentry"],"wppr_data":{"cwp_meta_box_check":"No"},"jetpack_sharing_enabled":true,"_links":{"self":[{"href":"https:\/\/ceranegra.com.br\/wordpress\/wp-json\/wp\/v2\/pages\/118","targetHints":{"allow":["GET"]}}],"collection":[{"href":"https:\/\/ceranegra.com.br\/wordpress\/wp-json\/wp\/v2\/pages"}],"about":[{"href":"https:\/\/ceranegra.com.br\/wordpress\/wp-json\/wp\/v2\/types\/page"}],"author":[{"embeddable":true,"href":"https:\/\/ceranegra.com.br\/wordpress\/wp-json\/wp\/v2\/users\/1"}],"replies":[{"embeddable":true,"href":"https:\/\/ceranegra.com.br\/wordpress\/wp-json\/wp\/v2\/comments?post=118"}],"version-history":[{"count":1,"href":"https:\/\/ceranegra.com.br\/wordpress\/wp-json\/wp\/v2\/pages\/118\/revisions"}],"predecessor-version":[{"id":241,"href":"https:\/\/ceranegra.com.br\/wordpress\/wp-json\/wp\/v2\/pages\/118\/revisions\/241"}],"wp:attachment":[{"href":"https:\/\/ceranegra.com.br\/wordpress\/wp-json\/wp\/v2\/media?parent=118"}],"curies":[{"name":"wp","href":"https:\/\/api.w.org\/{rel}","templated":true}]}}