{"id":2147,"date":"2020-06-05T23:19:27","date_gmt":"2020-06-06T02:19:27","guid":{"rendered":"https:\/\/ceranegra.com.br\/wordpress\/?page_id=2147"},"modified":"2021-08-11T20:47:33","modified_gmt":"2021-08-11T23:47:33","slug":"duvida-troca","status":"publish","type":"page","link":"https:\/\/ceranegra.com.br\/wordpress\/duvida-troca\/","title":{"rendered":"Contato para D\u00favidas, Trocas ou Reclama\u00e7\u00f5es"},"content":{"rendered":"\t\t<div data-elementor-type=\"wp-page\" data-elementor-id=\"2147\" class=\"elementor elementor-2147\">\n\t\t\t\t\t\t<section class=\"elementor-section elementor-top-section elementor-element elementor-element-a483f49 elementor-section-boxed elementor-section-height-default elementor-section-height-default\" data-id=\"a483f49\" data-element_type=\"section\" data-e-type=\"section\">\n\t\t\t\t\t\t<div class=\"elementor-container elementor-column-gap-default\">\n\t\t\t\t\t<div class=\"elementor-column elementor-col-100 elementor-top-column elementor-element elementor-element-4b6e6df\" data-id=\"4b6e6df\" data-element_type=\"column\" data-e-type=\"column\">\n\t\t\t<div class=\"elementor-widget-wrap elementor-element-populated\">\n\t\t\t\t\t\t<div class=\"elementor-element elementor-element-342447b elementor-widget-divider--view-line elementor-widget elementor-widget-divider\" data-id=\"342447b\" data-element_type=\"widget\" data-e-type=\"widget\" data-widget_type=\"divider.default\">\n\t\t\t\t<div class=\"elementor-widget-container\">\n\t\t\t\t\t\t\t<div class=\"elementor-divider\">\n\t\t\t<span class=\"elementor-divider-separator\">\n\t\t\t\t\t\t<\/span>\n\t\t<\/div>\n\t\t\t\t\t\t<\/div>\n\t\t\t\t<\/div>\n\t\t\t\t\t<\/div>\n\t\t<\/div>\n\t\t\t\t\t<\/div>\n\t\t<\/section>\n\t\t\t\t<section class=\"elementor-section elementor-top-section elementor-element elementor-element-7634ee1 elementor-section-boxed elementor-section-height-default elementor-section-height-default\" data-id=\"7634ee1\" data-element_type=\"section\" data-e-type=\"section\">\n\t\t\t\t\t\t<div class=\"elementor-container elementor-column-gap-default\">\n\t\t\t\t\t<div class=\"elementor-column elementor-col-100 elementor-top-column elementor-element elementor-element-8e2d6b9\" data-id=\"8e2d6b9\" data-element_type=\"column\" data-e-type=\"column\">\n\t\t\t<div class=\"elementor-widget-wrap elementor-element-populated\">\n\t\t\t\t\t\t<div class=\"elementor-element elementor-element-4365657 elementor-widget elementor-widget-text-editor\" data-id=\"4365657\" data-element_type=\"widget\" data-e-type=\"widget\" data-widget_type=\"text-editor.default\">\n\t\t\t\t<div class=\"elementor-widget-container\">\n\t\t\t\t\t\t\t\t\t<p>Voc\u00ea pode entrar em contato conosco via telefone, Whatsapp, E-mail ou utilizar o formul\u00e1rio abaixo:<div class=\"wpforms-container wpforms-container-full\" id=\"wpforms-2144\"><form id=\"wpforms-form-2144\" class=\"wpforms-validate wpforms-form\" data-formid=\"2144\" method=\"post\" enctype=\"multipart\/form-data\" action=\"\/wordpress\/wp-json\/wp\/v2\/pages\/2147\"><noscript class=\"wpforms-error-noscript\">Ative o JavaScript no seu navegador para preencher este formul\u00e1rio.<\/noscript><div class=\"wpforms-field-container\"><div id=\"wpforms-2144-field_0-container\" class=\"wpforms-field wpforms-field-name\" data-field-id=\"0\"><label class=\"wpforms-field-label\" for=\"wpforms-2144-field_0\">Nome <span class=\"wpforms-required-label\">*<\/span><\/label><div class=\"wpforms-field-row wpforms-field-medium\"><div class=\"wpforms-field-row-block wpforms-first wpforms-one-half\"><input type=\"text\" id=\"wpforms-2144-field_0\" class=\"wpforms-field-name-first wpforms-field-required\" name=\"wpforms[fields][0][first]\" required><label for=\"wpforms-2144-field_0\" class=\"wpforms-field-sublabel after \">Nome<\/label><\/div><div class=\"wpforms-field-row-block wpforms-one-half\"><input type=\"text\" id=\"wpforms-2144-field_0-last\" class=\"wpforms-field-name-last wpforms-field-required\" name=\"wpforms[fields][0][last]\" required><label for=\"wpforms-2144-field_0-last\" class=\"wpforms-field-sublabel after \">Sobrenome<\/label><\/div><\/div><\/div><div id=\"wpforms-2144-field_5-container\" class=\"wpforms-field wpforms-field-text\" data-field-id=\"5\"><label class=\"wpforms-field-label\" for=\"wpforms-2144-field_5\">Telefone <span class=\"wpforms-required-label\">*<\/span><\/label><input type=\"text\" id=\"wpforms-2144-field_5\" class=\"wpforms-field-small wpforms-field-required wpforms-limit-characters-enabled\" data-form-id=\"2144\" data-field-id=\"5\" data-text-limit=\"13\" name=\"wpforms[fields][5]\" maxlength=\"13\" required><\/div><div id=\"wpforms-2144-field_1-container\" class=\"wpforms-field wpforms-field-email\" data-field-id=\"1\"><label class=\"wpforms-field-label\" for=\"wpforms-2144-field_1\">E-mail <span class=\"wpforms-required-label\">*<\/span><\/label><input type=\"email\" id=\"wpforms-2144-field_1\" class=\"wpforms-field-medium wpforms-field-required\" name=\"wpforms[fields][1]\" required><\/div><div id=\"wpforms-2144-field_3-container\" class=\"wpforms-field wpforms-field-radio\" data-field-id=\"3\"><label class=\"wpforms-field-label\" for=\"wpforms-2144-field_3\">Escolha qual assunto deseja:<\/label><ul id=\"wpforms-2144-field_3\"><li class=\"choice-1 depth-1 wpforms-selected\"><input type=\"radio\" id=\"wpforms-2144-field_3_1\" name=\"wpforms[fields][3]\" value=\"D\u00favidas\"   checked='checked'><label class=\"wpforms-field-label-inline\" for=\"wpforms-2144-field_3_1\">D\u00favidas<\/label><\/li><li class=\"choice-4 depth-1\"><input type=\"radio\" id=\"wpforms-2144-field_3_4\" name=\"wpforms[fields][3]\" value=\"Trocas\"  ><label class=\"wpforms-field-label-inline\" for=\"wpforms-2144-field_3_4\">Trocas<\/label><\/li><li class=\"choice-2 depth-1\"><input type=\"radio\" id=\"wpforms-2144-field_3_2\" name=\"wpforms[fields][3]\" value=\"Entregas\"  ><label class=\"wpforms-field-label-inline\" for=\"wpforms-2144-field_3_2\">Entregas<\/label><\/li><li class=\"choice-3 depth-1\"><input type=\"radio\" id=\"wpforms-2144-field_3_3\" name=\"wpforms[fields][3]\" value=\"Reclama\u00e7\u00e3o\"  ><label class=\"wpforms-field-label-inline\" for=\"wpforms-2144-field_3_3\">Reclama\u00e7\u00e3o<\/label><\/li><li class=\"choice-6 depth-1\"><input type=\"radio\" id=\"wpforms-2144-field_3_6\" name=\"wpforms[fields][3]\" value=\"Outros assuntos\"  ><label class=\"wpforms-field-label-inline\" for=\"wpforms-2144-field_3_6\">Outros assuntos<\/label><\/li><\/ul><\/div><div id=\"wpforms-2144-field_4-container\" class=\"wpforms-field wpforms-field-text\" data-field-id=\"4\"><label class=\"wpforms-field-label\" for=\"wpforms-2144-field_4\">Est\u00e1 relacionado a um pedido? Informe o n\u00famero do pedido<\/label><input type=\"text\" id=\"wpforms-2144-field_4\" class=\"wpforms-field-medium\" name=\"wpforms[fields][4]\" ><div class=\"wpforms-field-description\">sim ou n\u00e3o (se sim informe o n\u00famero do pedido)<\/div><\/div><div id=\"wpforms-2144-field_2-container\" class=\"wpforms-field wpforms-field-textarea\" data-field-id=\"2\"><label class=\"wpforms-field-label\" for=\"wpforms-2144-field_2\">Deixe aqui sua mensagem <span class=\"wpforms-required-label\">*<\/span><\/label><textarea id=\"wpforms-2144-field_2\" class=\"wpforms-field-medium wpforms-field-required\" name=\"wpforms[fields][2]\" required><\/textarea><div class=\"wpforms-field-description\">use este espa\u00e7o para expor o que precisa!<\/div><\/div><div id=\"wpforms-2144-field_6-container\" class=\"wpforms-field wpforms-field-checkbox\" data-field-id=\"6\"><label class=\"wpforms-field-label\" for=\"wpforms-2144-field_6\">Para que o formul\u00e1rio seja enviado voc\u00ea precisa concordar ! <span class=\"wpforms-required-label\">*<\/span><\/label><ul id=\"wpforms-2144-field_6\" class=\"wpforms-field-required\"><li class=\"choice-1 depth-1\"><input type=\"checkbox\" id=\"wpforms-2144-field_6_1\" name=\"wpforms[fields][6][]\" value=\"Li e aceito os termos de pol\u00edtica de privacidade\" required ><label class=\"wpforms-field-label-inline\" for=\"wpforms-2144-field_6_1\">Li e aceito os termos de pol\u00edtica de privacidade<\/label><\/li><\/ul><\/div><\/div><div class=\"wpforms-field wpforms-field-hp\"><label for=\"wpforms-2144-field-hp\" class=\"wpforms-field-label\">Message<\/label><input type=\"text\" name=\"wpforms[hp]\" id=\"wpforms-2144-field-hp\" class=\"wpforms-field-medium\"><\/div><div class=\"wpforms-submit-container\" ><input type=\"hidden\" name=\"wpforms[id]\" value=\"2144\"><input type=\"hidden\" name=\"wpforms[author]\" value=\"1\"><button type=\"submit\" name=\"wpforms[submit]\" class=\"wpforms-submit \" id=\"wpforms-submit-2144\" value=\"wpforms-submit\" aria-live=\"assertive\" data-alt-text=\"Enviando...\" data-submit-text=\"Enviar\">Enviar<\/button><\/div><\/form><\/div>  <!-- .wpforms-container --><\/p>\t\t\t\t\t\t\t\t<\/div>\n\t\t\t\t<\/div>\n\t\t\t\t<div class=\"elementor-element elementor-element-9eef5c1 elementor-widget elementor-widget-text-editor\" data-id=\"9eef5c1\" data-element_type=\"widget\" data-e-type=\"widget\" data-widget_type=\"text-editor.default\">\n\t\t\t\t<div class=\"elementor-widget-container\">\n\t\t\t\t\t\t\t\t\t<p><a href=\"https:\/\/ceranegra.com.br\/wordpress\/politica-de-privacidade\/\" target=\"_blank\" rel=\"noopener\"><strong>Clique aqui para conhecer nossa pol\u00edtica de privacidade !<\/strong><\/a><\/p>\t\t\t\t\t\t\t\t<\/div>\n\t\t\t\t<\/div>\n\t\t\t\t\t<\/div>\n\t\t<\/div>\n\t\t\t\t\t<\/div>\n\t\t<\/section>\n\t\t\t\t<\/div>\n\t\t","protected":false},"excerpt":{"rendered":"<p>Voc\u00ea pode entrar em contato conosco via telefone, Whatsapp, E-mail ou utilizar o formul\u00e1rio abaixo: Clique aqui para conhecer nossa pol\u00edtica de privacidade !<\/p>\n","protected":false},"author":1,"featured_media":0,"parent":0,"menu_order":0,"comment_status":"closed","ping_status":"closed","template":"","meta":{"footnotes":""},"class_list":["post-2147","page","type-page","status-publish","hentry"],"wppr_data":{"cwp_meta_box_check":"No"},"jetpack_sharing_enabled":true,"_links":{"self":[{"href":"https:\/\/ceranegra.com.br\/wordpress\/wp-json\/wp\/v2\/pages\/2147","targetHints":{"allow":["GET"]}}],"collection":[{"href":"https:\/\/ceranegra.com.br\/wordpress\/wp-json\/wp\/v2\/pages"}],"about":[{"href":"https:\/\/ceranegra.com.br\/wordpress\/wp-json\/wp\/v2\/types\/page"}],"author":[{"embeddable":true,"href":"https:\/\/ceranegra.com.br\/wordpress\/wp-json\/wp\/v2\/users\/1"}],"replies":[{"embeddable":true,"href":"https:\/\/ceranegra.com.br\/wordpress\/wp-json\/wp\/v2\/comments?post=2147"}],"version-history":[{"count":10,"href":"https:\/\/ceranegra.com.br\/wordpress\/wp-json\/wp\/v2\/pages\/2147\/revisions"}],"predecessor-version":[{"id":3448,"href":"https:\/\/ceranegra.com.br\/wordpress\/wp-json\/wp\/v2\/pages\/2147\/revisions\/3448"}],"wp:attachment":[{"href":"https:\/\/ceranegra.com.br\/wordpress\/wp-json\/wp\/v2\/media?parent=2147"}],"curies":[{"name":"wp","href":"https:\/\/api.w.org\/{rel}","templated":true}]}}