{"id":3490,"date":"2021-08-30T12:28:40","date_gmt":"2021-08-30T15:28:40","guid":{"rendered":"https:\/\/ceranegra.com.br\/wordpress\/?page_id=3490"},"modified":"2021-08-30T20:14:03","modified_gmt":"2021-08-30T23:14:03","slug":"argila","status":"publish","type":"page","link":"https:\/\/ceranegra.com.br\/wordpress\/argila\/","title":{"rendered":"Argila"},"content":{"rendered":"\t\t<div data-elementor-type=\"wp-page\" data-elementor-id=\"3490\" class=\"elementor elementor-3490\">\n\t\t\t\t\t\t<section class=\"elementor-section elementor-top-section elementor-element elementor-element-5f0fd816 elementor-section-boxed elementor-section-height-default elementor-section-height-default\" data-id=\"5f0fd816\" data-element_type=\"section\" data-e-type=\"section\">\n\t\t\t\t\t\t<div class=\"elementor-container elementor-column-gap-default\">\n\t\t\t\t\t<div class=\"elementor-column elementor-col-100 elementor-top-column elementor-element elementor-element-48b25b67\" data-id=\"48b25b67\" data-element_type=\"column\" data-e-type=\"column\">\n\t\t\t<div class=\"elementor-widget-wrap elementor-element-populated\">\n\t\t\t\t\t\t<div class=\"elementor-element elementor-element-b7943bb elementor-widget-divider--view-line elementor-widget elementor-widget-divider\" data-id=\"b7943bb\" data-element_type=\"widget\" data-e-type=\"widget\" data-widget_type=\"divider.default\">\n\t\t\t\t<div class=\"elementor-widget-container\">\n\t\t\t\t\t\t\t<div class=\"elementor-divider\">\n\t\t\t<span class=\"elementor-divider-separator\">\n\t\t\t\t\t\t<\/span>\n\t\t<\/div>\n\t\t\t\t\t\t<\/div>\n\t\t\t\t<\/div>\n\t\t\t\t<div class=\"elementor-element elementor-element-4756faf elementor-widget elementor-widget-text-editor\" data-id=\"4756faf\" data-element_type=\"widget\" data-e-type=\"widget\" data-widget_type=\"text-editor.default\">\n\t\t\t\t<div class=\"elementor-widget-container\">\n\t\t\t\t\t\t\t\t\t<p>Trabalhamos com argilas naturais biodegrad\u00e1veis\u00a0 em especial a argila branca, preta com carv\u00e3o ativado e verde , selecionando em regi\u00f5es de todo o Brasil as melhores e mais enriquecidas argilas do mercado, oferecendo aos nossos clientes a qualidade real de um produto natural.\u00a0<\/p>\t\t\t\t\t\t\t\t<\/div>\n\t\t\t\t<\/div>\n\t\t\t\t\t<\/div>\n\t\t<\/div>\n\t\t\t\t\t<\/div>\n\t\t<\/section>\n\t\t\t\t<section class=\"elementor-section elementor-top-section elementor-element elementor-element-add35bd elementor-section-boxed elementor-section-height-default elementor-section-height-default\" data-id=\"add35bd\" data-element_type=\"section\" data-e-type=\"section\">\n\t\t\t\t\t\t<div class=\"elementor-container elementor-column-gap-default\">\n\t\t\t\t\t<div class=\"elementor-column elementor-col-100 elementor-top-column elementor-element elementor-element-1305194\" data-id=\"1305194\" data-element_type=\"column\" data-e-type=\"column\">\n\t\t\t<div class=\"elementor-widget-wrap elementor-element-populated\">\n\t\t\t\t\t\t<section class=\"elementor-section elementor-inner-section elementor-element elementor-element-e72f04b elementor-section-boxed elementor-section-height-default elementor-section-height-default\" data-id=\"e72f04b\" data-element_type=\"section\" data-e-type=\"section\">\n\t\t\t\t\t\t<div class=\"elementor-container elementor-column-gap-default\">\n\t\t\t\t\t<div class=\"elementor-column elementor-col-50 elementor-inner-column elementor-element elementor-element-e9a2a43\" data-id=\"e9a2a43\" data-element_type=\"column\" data-e-type=\"column\">\n\t\t\t<div class=\"elementor-widget-wrap elementor-element-populated\">\n\t\t\t\t\t\t<div class=\"elementor-element elementor-element-84a34e7 elementor-widget elementor-widget-image\" data-id=\"84a34e7\" data-element_type=\"widget\" data-e-type=\"widget\" data-widget_type=\"image.default\">\n\t\t\t\t<div class=\"elementor-widget-container\">\n\t\t\t\t\t\t\t\t\t\t\t\t\t\t\t\t<a href=\"https:\/\/i0.wp.com\/ceranegra.com.br\/wordpress\/wp-content\/uploads\/2021\/08\/argila1.jpg?ssl=1\" data-elementor-open-lightbox=\"yes\" data-elementor-lightbox-title=\"Argilas\" data-e-action-hash=\"#elementor-action%3Aaction%3Dlightbox%26settings%3DeyJpZCI6MzQ5OCwidXJsIjoiaHR0cHM6XC9cL2NlcmFuZWdyYS5jb20uYnJcL3dvcmRwcmVzc1wvd3AtY29udGVudFwvdXBsb2Fkc1wvMjAyMVwvMDhcL2FyZ2lsYTEuanBnIn0%3D\">\n\t\t\t\t\t\t\t<img fetchpriority=\"high\" decoding=\"async\" width=\"323\" height=\"156\" src=\"https:\/\/i0.wp.com\/ceranegra.com.br\/wordpress\/wp-content\/uploads\/2021\/08\/argila1.jpg?fit=323%2C156&amp;ssl=1\" class=\"attachment-large size-large wp-image-3498\" alt=\"Argila\" srcset=\"https:\/\/i0.wp.com\/ceranegra.com.br\/wordpress\/wp-content\/uploads\/2021\/08\/argila1.jpg?w=323&amp;ssl=1 323w, https:\/\/i0.wp.com\/ceranegra.com.br\/wordpress\/wp-content\/uploads\/2021\/08\/argila1.jpg?resize=300%2C145&amp;ssl=1 300w, https:\/\/i0.wp.com\/ceranegra.com.br\/wordpress\/wp-content\/uploads\/2021\/08\/argila1.jpg?resize=50%2C24&amp;ssl=1 50w\" sizes=\"(max-width: 323px) 100vw, 323px\" \/>\t\t\t\t\t\t\t\t<\/a>\n\t\t\t\t\t\t\t\t\t\t\t\t\t\t\t<\/div>\n\t\t\t\t<\/div>\n\t\t\t\t\t<\/div>\n\t\t<\/div>\n\t\t\t\t<div class=\"elementor-column elementor-col-50 elementor-inner-column elementor-element elementor-element-692914c\" data-id=\"692914c\" data-element_type=\"column\" data-e-type=\"column\">\n\t\t\t<div class=\"elementor-widget-wrap elementor-element-populated\">\n\t\t\t\t\t\t<div class=\"elementor-element elementor-element-bd49480 elementor-widget elementor-widget-text-editor\" data-id=\"bd49480\" data-element_type=\"widget\" data-e-type=\"widget\" data-widget_type=\"text-editor.default\">\n\t\t\t\t<div class=\"elementor-widget-container\">\n\t\t\t\t\t\t\t\t\t<p>As argilas s\u00e3o ingredientes naturais extra\u00eddos das rochas vulc\u00e2nicas. \u201cElas s\u00e3o de origem mineral, provenientes do solo e enriquecidas por alum\u00ednio (\u00f3xido de alum\u00ednio), s\u00edlica (\u00f3xido de sil\u00edcio) e \u00e1gua\u201d.<\/p><p>Existe uma infinidade de tipos de argila utilizados para o tratamento de pele. Dentre as mais comuns, podemos citar:&nbsp; &nbsp;Argila verde, Argila branca, Argila vermelha, Argila rosa, Argila cinza e Argila preta.<\/p>\t\t\t\t\t\t\t\t<\/div>\n\t\t\t\t<\/div>\n\t\t\t\t\t<\/div>\n\t\t<\/div>\n\t\t\t\t\t<\/div>\n\t\t<\/section>\n\t\t\t\t<div class=\"elementor-element elementor-element-359f41f elementor-widget elementor-widget-text-editor\" data-id=\"359f41f\" data-element_type=\"widget\" data-e-type=\"widget\" data-widget_type=\"text-editor.default\">\n\t\t\t\t<div class=\"elementor-widget-container\">\n\t\t\t\t\t\t\t\t\t<p>As argilas s\u00e3o uma subst\u00e2ncia em p\u00f3 usada para tratar a pele e o cabelo sendo uma op\u00e7\u00e3o de tratamento cosm\u00e9tico natural. S\u00e3o resultado da decomposi\u00e7\u00e3o de rochas sedimentares s\u00edlico-alum\u00ednicas. Isso faz com que sejam ricas em alum\u00ednio, s\u00edlica, caulinita, mangan\u00eas e magn\u00e9sio.<\/p><p>Esse ingrediente natural, muito famoso em m\u00e1scaras faciais, \u00e9 capaz de proporcionar uma s\u00e9rie de benef\u00edcios \u00e0 sua pele, como controlar a oleosidade, diminuir a apar\u00eancia dos poros, clarear manchas, deixar seu rosto mais luminoso, entre outras vantagens. Mas de que maneira devemos usar essa subst\u00e2ncia na pele? Quais s\u00e3o os tipos e para que serve cada um deles? <br \/>Para entender melhor sobre o poder das argilas continue lendo esta p\u00e1gina.<\/p>\t\t\t\t\t\t\t\t<\/div>\n\t\t\t\t<\/div>\n\t\t\t\t\t<\/div>\n\t\t<\/div>\n\t\t\t\t\t<\/div>\n\t\t<\/section>\n\t\t\t\t<section class=\"elementor-section elementor-top-section elementor-element elementor-element-b00c5d9 elementor-section-boxed elementor-section-height-default elementor-section-height-default\" data-id=\"b00c5d9\" data-element_type=\"section\" data-e-type=\"section\">\n\t\t\t\t\t\t<div class=\"elementor-container elementor-column-gap-default\">\n\t\t\t\t\t<div class=\"elementor-column elementor-col-100 elementor-top-column elementor-element elementor-element-b943a00\" data-id=\"b943a00\" data-element_type=\"column\" data-e-type=\"column\">\n\t\t\t<div class=\"elementor-widget-wrap elementor-element-populated\">\n\t\t\t\t\t\t<div class=\"elementor-element elementor-element-14d7303 elementor-widget elementor-widget-heading\" data-id=\"14d7303\" data-element_type=\"widget\" data-e-type=\"widget\" data-widget_type=\"heading.default\">\n\t\t\t\t<div class=\"elementor-widget-container\">\n\t\t\t\t\t<h2 class=\"elementor-heading-title elementor-size-default\">Os v\u00e1rios tipos de argilas e forma de aplica\u00e7\u00e3o:<\/h2>\t\t\t\t<\/div>\n\t\t\t\t<\/div>\n\t\t\t\t\t<\/div>\n\t\t<\/div>\n\t\t\t\t\t<\/div>\n\t\t<\/section>\n\t\t\t\t<section class=\"elementor-section elementor-top-section elementor-element elementor-element-64211fc elementor-section-boxed elementor-section-height-default elementor-section-height-default\" data-id=\"64211fc\" data-element_type=\"section\" data-e-type=\"section\">\n\t\t\t\t\t\t<div class=\"elementor-container elementor-column-gap-default\">\n\t\t\t\t\t<div class=\"elementor-column elementor-col-100 elementor-top-column elementor-element elementor-element-4600d7a\" data-id=\"4600d7a\" data-element_type=\"column\" data-e-type=\"column\">\n\t\t\t<div class=\"elementor-widget-wrap elementor-element-populated\">\n\t\t\t\t\t\t<div class=\"elementor-element elementor-element-02b8f04 elementor-widget-divider--view-line elementor-widget elementor-widget-divider\" data-id=\"02b8f04\" data-element_type=\"widget\" data-e-type=\"widget\" data-widget_type=\"divider.default\">\n\t\t\t\t<div class=\"elementor-widget-container\">\n\t\t\t\t\t\t\t<div class=\"elementor-divider\">\n\t\t\t<span class=\"elementor-divider-separator\">\n\t\t\t\t\t\t<\/span>\n\t\t<\/div>\n\t\t\t\t\t\t<\/div>\n\t\t\t\t<\/div>\n\t\t\t\t<section class=\"elementor-section elementor-inner-section elementor-element elementor-element-54b235c elementor-section-boxed elementor-section-height-default elementor-section-height-default\" data-id=\"54b235c\" data-element_type=\"section\" data-e-type=\"section\">\n\t\t\t\t\t\t<div class=\"elementor-container elementor-column-gap-default\">\n\t\t\t\t\t<div class=\"elementor-column elementor-col-50 elementor-inner-column elementor-element elementor-element-b64551a\" data-id=\"b64551a\" data-element_type=\"column\" data-e-type=\"column\">\n\t\t\t<div class=\"elementor-widget-wrap elementor-element-populated\">\n\t\t\t\t\t\t<div class=\"elementor-element elementor-element-a13497e elementor-widget elementor-widget-text-editor\" data-id=\"a13497e\" data-element_type=\"widget\" data-e-type=\"widget\" data-widget_type=\"text-editor.default\">\n\t\t\t\t<div class=\"elementor-widget-container\">\n\t\t\t\t\t\t\t\t\t<p>Cada tipo de argila ir\u00e1 beneficiar um tipo de espec\u00edfico de pele e consequentemente ter\u00e1 um efeito. Conhe\u00e7a as vantagens que esses ativos podem oferecer para cada pele:<br \/><br \/><strong>Argila branca:<\/strong> indicada para peles mais desidratadas e sensibilizadas. Essa argila apresenta uma quantidade maior de alum\u00ednio e seu pH \u00e9 muito parecido com o da pele. Al\u00e9m disso, ela tamb\u00e9m proporciona a\u00e7\u00e3o suavizante e cicatrizante.<br \/><br \/><b>Argila vermelha:<\/b><span style=\"font-weight: var( --e-global-typography-text-font-weight );\"> peles extremamente sens\u00edveis. \u00c9 rica em \u00f3xido de ferro e cobre (minerais anti-inflamat\u00f3rios) e auxilia tamb\u00e9m na elasticidade e textura da pele.<\/span><\/p><p><strong>Argila verde:<\/strong> indicada para peles acneicas e oleosas devido ao seu efeito adstringente, secativo e bactericida. Por ser muito rica em v\u00e1rias subst\u00e2ncias, como c\u00e1lcio, \u00f3xido de ferro, pot\u00e1ssio, magn\u00e9sio e zinco, a argila verde ajuda a proteger e acalmar a pele, regulando a produ\u00e7\u00e3o de gl\u00e2ndulas seb\u00e1ceas. Al\u00e9m de possuir uma a\u00e7\u00e3o antipolui\u00e7\u00e3o, em que atua absorvendo as impurezas da pele como uma barreira ativa enquanto permanece na pele.<\/p><div>\u00a0<\/div><p><strong>Argila rosa:<\/strong> essa argila \u00e9 uma mistura de argila branca e vermelha. Super indicada para peles mais delicadas, que se irritam facilmente. Apresenta propriedades cicatrizantes e suavizantes. Tamb\u00e9m possui maior quantidade de ferro e \u00e9 \u00f3tima para aplicar no corpo!<\/p><p><strong>Argila cinza:<\/strong> essa argila tem indica\u00e7\u00e3o tanto para peles oleosas quanto peles com discromias e manchas. Tem uma quantidade importante de tit\u00e2nio que auxilia no tratamento de les\u00f5es inflamat\u00f3rias como cravos e espinhas. Pode ser usada tamb\u00e9m para descama\u00e7\u00e3o e oleosidade capilar.<\/p><p><strong>Argila preta:<\/strong> tamb\u00e9m conhecida como lama vulc\u00e2nica, \u00e9 a mais indicada para desintoxica\u00e7\u00e3o da pele. Possui a\u00e7\u00e3o anti-inflamat\u00f3ria pela alta concentra\u00e7\u00e3o de alum\u00ednio e sil\u00edcio.<\/p>\t\t\t\t\t\t\t\t<\/div>\n\t\t\t\t<\/div>\n\t\t\t\t<div class=\"elementor-element elementor-element-fb38f31 elementor-widget elementor-widget-image\" data-id=\"fb38f31\" data-element_type=\"widget\" data-e-type=\"widget\" data-widget_type=\"image.default\">\n\t\t\t\t<div class=\"elementor-widget-container\">\n\t\t\t\t\t\t\t\t\t\t\t\t\t\t\t<img decoding=\"async\" width=\"225\" height=\"225\" src=\"https:\/\/i0.wp.com\/ceranegra.com.br\/wordpress\/wp-content\/uploads\/2021\/08\/argila5.jpg?fit=225%2C225&amp;ssl=1\" class=\"attachment-large size-large wp-image-3524\" alt=\"Argila Branca\" srcset=\"https:\/\/i0.wp.com\/ceranegra.com.br\/wordpress\/wp-content\/uploads\/2021\/08\/argila5.jpg?w=225&amp;ssl=1 225w, https:\/\/i0.wp.com\/ceranegra.com.br\/wordpress\/wp-content\/uploads\/2021\/08\/argila5.jpg?resize=150%2C150&amp;ssl=1 150w, https:\/\/i0.wp.com\/ceranegra.com.br\/wordpress\/wp-content\/uploads\/2021\/08\/argila5.jpg?resize=50%2C50&amp;ssl=1 50w, https:\/\/i0.wp.com\/ceranegra.com.br\/wordpress\/wp-content\/uploads\/2021\/08\/argila5.jpg?resize=100%2C100&amp;ssl=1 100w\" sizes=\"(max-width: 225px) 100vw, 225px\" \/>\t\t\t\t\t\t\t\t\t\t\t\t\t\t\t<\/div>\n\t\t\t\t<\/div>\n\t\t\t\t<div class=\"elementor-element elementor-element-3ffb16f elementor-widget-divider--view-line elementor-widget elementor-widget-divider\" data-id=\"3ffb16f\" data-element_type=\"widget\" data-e-type=\"widget\" data-widget_type=\"divider.default\">\n\t\t\t\t<div class=\"elementor-widget-container\">\n\t\t\t\t\t\t\t<div class=\"elementor-divider\">\n\t\t\t<span class=\"elementor-divider-separator\">\n\t\t\t\t\t\t<\/span>\n\t\t<\/div>\n\t\t\t\t\t\t<\/div>\n\t\t\t\t<\/div>\n\t\t\t\t<div class=\"elementor-element elementor-element-56212e1 elementor-widget elementor-widget-text-editor\" data-id=\"56212e1\" data-element_type=\"widget\" data-e-type=\"widget\" data-widget_type=\"text-editor.default\">\n\t\t\t\t<div class=\"elementor-widget-container\">\n\t\t\t\t\t\t\t\t\t<p><strong>ONDE APLICAR E COMO UTILIZAR AS ARGILAS<\/strong><\/p><p><strong>\u00a0<\/strong>Ao preparar o <strong>cosm\u00e9tico para o rosto<\/strong>, voc\u00ea vai precisar adicionar<\/p><ul><li>1 colher de argila branca em p\u00f3<\/li><\/ul><p>E um pouco das seguintes solu\u00e7\u00f5es l\u00edquidas:<\/p><ul><li>\u00c1gua mineral<\/li><li>Soro fisiol\u00f3gico<\/li><li>\u00c1gua termal<\/li><li>Lo\u00e7\u00e3o hidratante neutra<\/li><\/ul><p>Misture at\u00e9 obter um ponto em que o creme n\u00e3o escorra pela pele.<br \/>&#8220;Voc\u00ea pode tamb\u00e9m incluir algumas gotinhas de \u00f3leos essenciais, <a href=\"https:\/\/www.minhavida.com.br\/beleza\/tudo-sobre\/17738-oleo-de-argan\">\u00f3leo de argan<\/a>, ampolas de vitaminas, entre outros ativos, de acordo com a necessidade da pele ou cabelo&#8221;.<\/p><p>J\u00e1 o cosm\u00e9tico de cabelo deve ser feito adicionando:<br \/>\u2022 2 a 8 colheres de sopa de argila branca em p\u00f3<br \/>\u2022 \u00c1gua<\/p><h2>Como usar argila branca no rosto<\/h2><p>Antes de fazer a m\u00e1scara de argila, \u00e9 necess\u00e1rio limpar o rosto com um sabonete pr\u00f3prio para sua pele.<\/p><p>Depois de preparar a mistura, aplique sobre toda a pele do rosto e deixe agir por 20 minutos. A retirada deve ser feita com \u00e1gua corrente.<\/p><p>Ap\u00f3s o uso da m\u00e1scara, \u00e9 importante aplicar um gel, lo\u00e7\u00e3o ou creme hidratante, mesmo que a pele seja oleosa.<\/p><h3><strong>Como usar argila branca no cabelo<\/strong><\/h3><p>Ap\u00f3s lavar os cabelos com o xampu, aplique a mistura de argila branca nos fios e fa\u00e7a massagens circulares no couro cabeludo.<\/p><p>Deixe a mistura agir por 20 minutos e retire com \u00e1gua. Depois, basta finalizar com o condicionador.<\/p><p><strong>\u00a0<\/strong><\/p><p><strong>\u00a0<span style=\"color: orange;\">Em breve traremos mais conte\u00fado sobre o uso de todos os tipos de argilas pra voc\u00ea, aguarde!<\/span><\/strong><\/p>\t\t\t\t\t\t\t\t<\/div>\n\t\t\t\t<\/div>\n\t\t\t\t\t<\/div>\n\t\t<\/div>\n\t\t\t\t<div class=\"elementor-column elementor-col-50 elementor-inner-column elementor-element elementor-element-b777cea\" data-id=\"b777cea\" data-element_type=\"column\" data-e-type=\"column\">\n\t\t\t<div class=\"elementor-widget-wrap elementor-element-populated\">\n\t\t\t\t\t\t<div class=\"elementor-element elementor-element-f9204fb elementor-widget elementor-widget-image\" data-id=\"f9204fb\" data-element_type=\"widget\" data-e-type=\"widget\" data-widget_type=\"image.default\">\n\t\t\t\t<div class=\"elementor-widget-container\">\n\t\t\t\t\t\t\t\t\t\t\t\t\t\t\t\t<a href=\"https:\/\/i0.wp.com\/ceranegra.com.br\/wordpress\/wp-content\/uploads\/2021\/08\/argila8.jpg?ssl=1\" data-elementor-open-lightbox=\"yes\" data-elementor-lightbox-title=\"Argila verde\" data-elementor-lightbox-description=\"argila verde\" data-e-action-hash=\"#elementor-action%3Aaction%3Dlightbox%26settings%3DeyJpZCI6MzUwOSwidXJsIjoiaHR0cHM6XC9cL2NlcmFuZWdyYS5jb20uYnJcL3dvcmRwcmVzc1wvd3AtY29udGVudFwvdXBsb2Fkc1wvMjAyMVwvMDhcL2FyZ2lsYTguanBnIn0%3D\">\n\t\t\t\t\t\t\t<img decoding=\"async\" width=\"313\" height=\"161\" src=\"https:\/\/i0.wp.com\/ceranegra.com.br\/wordpress\/wp-content\/uploads\/2021\/08\/argila8.jpg?fit=313%2C161&amp;ssl=1\" class=\"attachment-large size-large wp-image-3509\" alt=\"Argila facial\" srcset=\"https:\/\/i0.wp.com\/ceranegra.com.br\/wordpress\/wp-content\/uploads\/2021\/08\/argila8.jpg?w=313&amp;ssl=1 313w, https:\/\/i0.wp.com\/ceranegra.com.br\/wordpress\/wp-content\/uploads\/2021\/08\/argila8.jpg?resize=300%2C154&amp;ssl=1 300w, https:\/\/i0.wp.com\/ceranegra.com.br\/wordpress\/wp-content\/uploads\/2021\/08\/argila8.jpg?resize=50%2C26&amp;ssl=1 50w\" sizes=\"(max-width: 313px) 100vw, 313px\" \/>\t\t\t\t\t\t\t\t<\/a>\n\t\t\t\t\t\t\t\t\t\t\t\t\t\t\t<\/div>\n\t\t\t\t<\/div>\n\t\t\t\t<div class=\"elementor-element elementor-element-41a3fe4 elementor-widget elementor-widget-image\" data-id=\"41a3fe4\" data-element_type=\"widget\" data-e-type=\"widget\" data-widget_type=\"image.default\">\n\t\t\t\t<div class=\"elementor-widget-container\">\n\t\t\t\t\t\t\t\t\t\t\t\t\t\t\t<img loading=\"lazy\" decoding=\"async\" width=\"275\" height=\"183\" src=\"https:\/\/i0.wp.com\/ceranegra.com.br\/wordpress\/wp-content\/uploads\/2021\/08\/argila6.jpg?fit=275%2C183&amp;ssl=1\" class=\"attachment-large size-large wp-image-3512\" alt=\"Aplica\u00e7\u00e3o Argila\" srcset=\"https:\/\/i0.wp.com\/ceranegra.com.br\/wordpress\/wp-content\/uploads\/2021\/08\/argila6.jpg?w=275&amp;ssl=1 275w, https:\/\/i0.wp.com\/ceranegra.com.br\/wordpress\/wp-content\/uploads\/2021\/08\/argila6.jpg?resize=50%2C33&amp;ssl=1 50w\" sizes=\"(max-width: 275px) 100vw, 275px\" \/>\t\t\t\t\t\t\t\t\t\t\t\t\t\t\t<\/div>\n\t\t\t\t<\/div>\n\t\t\t\t<div class=\"elementor-element elementor-element-b9e6b78 elementor-widget elementor-widget-text-editor\" data-id=\"b9e6b78\" data-element_type=\"widget\" data-e-type=\"widget\" data-widget_type=\"text-editor.default\">\n\t\t\t\t<div class=\"elementor-widget-container\">\n\t\t\t\t\t\t\t\t\t<p><strong>Contraindica\u00e7\u00f5es<\/strong><br>As argilas em p\u00f3 n\u00e3o devem ser usadas por pessoas que tenham tuberculose pulmonar, asma ou enfisema, j\u00e1 que preparar o produto pode desencadear rea\u00e7\u00f5es al\u00e9rgicas. No entanto, o cosm\u00e9tico pode ser usado at\u00e9 por crian\u00e7as e gestantes, j\u00e1 que n\u00e3o \u00e9 t\u00f3xico.<br>Para saber se a argila \u00e9 adequada, o ideal \u00e9 consultar a esteticista, farmac\u00eautica com experi\u00eancia na \u00e1rea de est\u00e9tica ou dermatologista.<\/p>\n<h4>Benef\u00edcios da argila branca para a pele do rosto<\/h4>\n<p>A argila branca \u00e9 usada em tratamentos de beleza e bem-estar para melhorar o aspecto da pele e dos cabelos. Entre os usos mais comuns, est\u00e3o o de clarear manchas, hidratar a pele e purificar o couro cabeludo.<\/p>\n<p>Usar argila branca no rosto \u00e9 um jeito de cuidar da pele de forma natural. Ela \u00e9 indicada para peles normais, mistas, oleosas e at\u00e9 as acneicas. Veja os benef\u00edcios da argila branca para o rosto:<\/p>\n<ul>\n<li><strong>Clareia manchas<\/strong>: ela atua como um peeling superficial, promovendo renova\u00e7\u00e3o das c\u00e9lulas do rosto que est\u00e3o tornando a pele mais pigmentada<\/li>\n<li><strong>Remove cicatrizes<\/strong> j\u00e1 formadas<\/li>\n<li><strong>Revitaliza<\/strong> a pele<\/li>\n<li><strong>Funciona como um esfoliante<\/strong>: por causa de seus gr\u00e3os, a argila branca remove as impurezas sem agredir a pele<\/li>\n<li>Ajuda a fazer uma <strong>limpeza profunda dos poros<\/strong><\/li>\n<li><strong>Prepara a pele<\/strong> para receber um tratamento revitalizador<\/li>\n<li><strong>Absorve a oleosidade<\/strong> sem ressecar<\/li>\n<li><strong>Hidrata<\/strong><\/li>\n<li><strong>Cicatriza a acne <\/strong>j\u00e1 formada<\/li>\n<li>Tem <strong>a\u00e7\u00e3o calmante<\/strong><\/li>\n<li>Tem <strong>a\u00e7\u00e3o anti-inflamat\u00f3ria<\/strong>\n<p><\/p>\n<h3>Benef\u00edcios da argila branca para o cabelo<\/h3>\n<p>A argila branca no cabelo \u00e9 muito indicada para quem passou por processo de descolora\u00e7\u00e3o ou alisamento, pois trata dos cabelos danificados. Entre os benef\u00edcios da subst\u00e2ncia para os fios, est\u00e3o:<\/p>\n<ul>\n<li>Elimina toxinas da superf\u00edcie do cabelo<\/li>\n<li>D\u00e1 mais brilho<\/li>\n<li>Absorve a oleosidade dos fios<\/li>\n<li>Hidrata<\/li>\n<li>Devolve queratina perdida pelos cabelos danificados<\/li>\n<\/ul>\n<\/li>\n<\/ul>\t\t\t\t\t\t\t\t<\/div>\n\t\t\t\t<\/div>\n\t\t\t\t<div class=\"elementor-element elementor-element-39da3b6 elementor-widget elementor-widget-image\" data-id=\"39da3b6\" data-element_type=\"widget\" data-e-type=\"widget\" data-widget_type=\"image.default\">\n\t\t\t\t<div class=\"elementor-widget-container\">\n\t\t\t\t\t\t\t\t\t\t\t\t\t\t\t<img loading=\"lazy\" decoding=\"async\" width=\"275\" height=\"183\" src=\"https:\/\/i0.wp.com\/ceranegra.com.br\/wordpress\/wp-content\/uploads\/2021\/08\/argila9.jpg?fit=275%2C183&amp;ssl=1\" class=\"attachment-large size-large wp-image-3547\" alt=\"Argila capilar\" srcset=\"https:\/\/i0.wp.com\/ceranegra.com.br\/wordpress\/wp-content\/uploads\/2021\/08\/argila9.jpg?w=275&amp;ssl=1 275w, https:\/\/i0.wp.com\/ceranegra.com.br\/wordpress\/wp-content\/uploads\/2021\/08\/argila9.jpg?resize=50%2C33&amp;ssl=1 50w\" sizes=\"(max-width: 275px) 100vw, 275px\" \/>\t\t\t\t\t\t\t\t\t\t\t\t\t\t\t<\/div>\n\t\t\t\t<\/div>\n\t\t\t\t<div class=\"elementor-element elementor-element-05adc2e elementor-widget elementor-widget-text-editor\" data-id=\"05adc2e\" data-element_type=\"widget\" data-e-type=\"widget\" data-widget_type=\"text-editor.default\">\n\t\t\t\t<div class=\"elementor-widget-container\">\n\t\t\t\t\t\t\t\t\t<p><strong>Dica de uso:<\/strong><br \/>Lavar previamente o local (face ou corpo), em um recipiente misture 4 colheres (sopa) de Argila com 1 x\u00edcara de (caf\u00e9) de \u00e1gua, at\u00e9 formar uma pasta de consist\u00eancia cremosa, com ajuda de um pincel aplicar na regi\u00e3o desejada, deixa agir por 30 minutos. Ap\u00f3s lavar at\u00e9 remo\u00e7\u00e3o total da Argila. Aplicar hidratante ; \u00e9 natural que a pele fique avermelhada e\/ou sentir ardor logo ap\u00f3s a aplica\u00e7\u00e3o. Frequ\u00eancia: Uma vez por semana.<\/p><p><strong>Precau\u00e7\u00f5es:<\/strong><br \/>Aplicar somente na pele integra. Evitar contato com os olhos e mucosas, proteger o produto de locais \u00famidos e quentes. Manter fora do alcance de crian\u00e7as e conservar em recipientes fechados. Produto de origem natural pode sofrer varia\u00e7\u00e3o da cor. Uso externo.<br \/><br \/><\/p>\t\t\t\t\t\t\t\t<\/div>\n\t\t\t\t<\/div>\n\t\t\t\t\t<\/div>\n\t\t<\/div>\n\t\t\t\t\t<\/div>\n\t\t<\/section>\n\t\t\t\t\t<\/div>\n\t\t<\/div>\n\t\t\t\t\t<\/div>\n\t\t<\/section>\n\t\t\t\t<\/div>\n\t\t","protected":false},"excerpt":{"rendered":"<p>Trabalhamos com argilas naturais biodegrad\u00e1veis\u00a0 em especial a argila branca, preta com carv\u00e3o ativado e verde , selecionando em regi\u00f5es de todo o Brasil as melhores e mais enriquecidas argilas do mercado, oferecendo aos nossos clientes a qualidade real de um produto natural.\u00a0 As argilas s\u00e3o ingredientes naturais extra\u00eddos das rochas vulc\u00e2nicas. \u201cElas s\u00e3o de<span class=\"read-more-faq\"><a href=\"https:\/\/ceranegra.com.br\/wordpress\/argila\/\">Read More<\/a><\/span><\/p>\n","protected":false},"author":1,"featured_media":0,"parent":0,"menu_order":0,"comment_status":"closed","ping_status":"closed","template":"","meta":{"footnotes":""},"class_list":["post-3490","page","type-page","status-publish","hentry"],"wppr_data":{"cwp_meta_box_check":"No"},"jetpack_sharing_enabled":true,"_links":{"self":[{"href":"https:\/\/ceranegra.com.br\/wordpress\/wp-json\/wp\/v2\/pages\/3490","targetHints":{"allow":["GET"]}}],"collection":[{"href":"https:\/\/ceranegra.com.br\/wordpress\/wp-json\/wp\/v2\/pages"}],"about":[{"href":"https:\/\/ceranegra.com.br\/wordpress\/wp-json\/wp\/v2\/types\/page"}],"author":[{"embeddable":true,"href":"https:\/\/ceranegra.com.br\/wordpress\/wp-json\/wp\/v2\/users\/1"}],"replies":[{"embeddable":true,"href":"https:\/\/ceranegra.com.br\/wordpress\/wp-json\/wp\/v2\/comments?post=3490"}],"version-history":[{"count":47,"href":"https:\/\/ceranegra.com.br\/wordpress\/wp-json\/wp\/v2\/pages\/3490\/revisions"}],"predecessor-version":[{"id":3556,"href":"https:\/\/ceranegra.com.br\/wordpress\/wp-json\/wp\/v2\/pages\/3490\/revisions\/3556"}],"wp:attachment":[{"href":"https:\/\/ceranegra.com.br\/wordpress\/wp-json\/wp\/v2\/media?parent=3490"}],"curies":[{"name":"wp","href":"https:\/\/api.w.org\/{rel}","templated":true}]}}