{"id":8,"date":"2017-10-11T21:30:53","date_gmt":"2017-10-12T00:30:53","guid":{"rendered":"http:\/\/ceranegra.com.br\/wordpress\/?page_id=8"},"modified":"2022-06-17T12:56:54","modified_gmt":"2022-06-17T15:56:54","slug":"sobre","status":"publish","type":"page","link":"https:\/\/ceranegra.com.br\/wordpress\/sobre\/","title":{"rendered":"Nos conhe\u00e7a"},"content":{"rendered":"\t\t<div data-elementor-type=\"wp-page\" data-elementor-id=\"8\" class=\"elementor elementor-8\">\n\t\t\t\t\t\t<section class=\"elementor-section elementor-top-section elementor-element elementor-element-5f0fd816 elementor-section-boxed elementor-section-height-default elementor-section-height-default\" data-id=\"5f0fd816\" data-element_type=\"section\" data-e-type=\"section\">\n\t\t\t\t\t\t<div class=\"elementor-container elementor-column-gap-default\">\n\t\t\t\t\t<div class=\"elementor-column elementor-col-100 elementor-top-column elementor-element elementor-element-48b25b67\" data-id=\"48b25b67\" data-element_type=\"column\" data-e-type=\"column\">\n\t\t\t<div class=\"elementor-widget-wrap elementor-element-populated\">\n\t\t\t\t\t\t<div class=\"elementor-element elementor-element-b7943bb elementor-widget-divider--view-line elementor-widget elementor-widget-divider\" data-id=\"b7943bb\" data-element_type=\"widget\" data-e-type=\"widget\" data-widget_type=\"divider.default\">\n\t\t\t\t<div class=\"elementor-widget-container\">\n\t\t\t\t\t\t\t<div class=\"elementor-divider\">\n\t\t\t<span class=\"elementor-divider-separator\">\n\t\t\t\t\t\t<\/span>\n\t\t<\/div>\n\t\t\t\t\t\t<\/div>\n\t\t\t\t<\/div>\n\t\t\t\t<div class=\"elementor-element elementor-element-4756faf elementor-widget elementor-widget-text-editor\" data-id=\"4756faf\" data-element_type=\"widget\" data-e-type=\"widget\" data-widget_type=\"text-editor.default\">\n\t\t\t\t<div class=\"elementor-widget-container\">\n\t\t\t\t\t\t\t\t\t<p>Trabalhamos com ceras naturais em especial a cera de abelhas desde 1999, selecionando em api\u00e1rios de todo o Brasil as melhores e mais pura cera de abelhas do mercado, oferecendo aos nossos clientes a qualidade real de um produto natural.\u00a0<\/p>\t\t\t\t\t\t\t\t<\/div>\n\t\t\t\t<\/div>\n\t\t\t\t\t<\/div>\n\t\t<\/div>\n\t\t\t\t\t<\/div>\n\t\t<\/section>\n\t\t\t\t<section class=\"elementor-section elementor-top-section elementor-element elementor-element-add35bd elementor-section-boxed elementor-section-height-default elementor-section-height-default\" data-id=\"add35bd\" data-element_type=\"section\" data-e-type=\"section\">\n\t\t\t\t\t\t<div class=\"elementor-container elementor-column-gap-default\">\n\t\t\t\t\t<div class=\"elementor-column elementor-col-100 elementor-top-column elementor-element elementor-element-1305194\" data-id=\"1305194\" data-element_type=\"column\" data-e-type=\"column\">\n\t\t\t<div class=\"elementor-widget-wrap elementor-element-populated\">\n\t\t\t\t\t\t<section class=\"elementor-section elementor-inner-section elementor-element elementor-element-e72f04b elementor-section-boxed elementor-section-height-default elementor-section-height-default\" data-id=\"e72f04b\" data-element_type=\"section\" data-e-type=\"section\">\n\t\t\t\t\t\t<div class=\"elementor-container elementor-column-gap-default\">\n\t\t\t\t\t<div class=\"elementor-column elementor-col-50 elementor-inner-column elementor-element elementor-element-e9a2a43\" data-id=\"e9a2a43\" data-element_type=\"column\" data-e-type=\"column\">\n\t\t\t<div class=\"elementor-widget-wrap elementor-element-populated\">\n\t\t\t\t\t\t<div class=\"elementor-element elementor-element-893f081 elementor-widget elementor-widget-image\" data-id=\"893f081\" data-element_type=\"widget\" data-e-type=\"widget\" data-widget_type=\"image.default\">\n\t\t\t\t<div class=\"elementor-widget-container\">\n\t\t\t\t\t\t\t\t\t\t\t\t\t\t\t<img fetchpriority=\"high\" decoding=\"async\" width=\"640\" height=\"394\" src=\"https:\/\/i0.wp.com\/ceranegra.com.br\/wordpress\/wp-content\/uploads\/2020\/03\/egipcia.jpg?fit=640%2C394&amp;ssl=1\" class=\"attachment-large size-large wp-image-690\" alt=\"\" srcset=\"https:\/\/i0.wp.com\/ceranegra.com.br\/wordpress\/wp-content\/uploads\/2020\/03\/egipcia.jpg?w=650&amp;ssl=1 650w, https:\/\/i0.wp.com\/ceranegra.com.br\/wordpress\/wp-content\/uploads\/2020\/03\/egipcia.jpg?resize=300%2C185&amp;ssl=1 300w, https:\/\/i0.wp.com\/ceranegra.com.br\/wordpress\/wp-content\/uploads\/2020\/03\/egipcia.jpg?resize=50%2C31&amp;ssl=1 50w, https:\/\/i0.wp.com\/ceranegra.com.br\/wordpress\/wp-content\/uploads\/2020\/03\/egipcia.jpg?resize=600%2C369&amp;ssl=1 600w\" sizes=\"(max-width: 640px) 100vw, 640px\" \/>\t\t\t\t\t\t\t\t\t\t\t\t\t\t\t<\/div>\n\t\t\t\t<\/div>\n\t\t\t\t\t<\/div>\n\t\t<\/div>\n\t\t\t\t<div class=\"elementor-column elementor-col-50 elementor-inner-column elementor-element elementor-element-692914c\" data-id=\"692914c\" data-element_type=\"column\" data-e-type=\"column\">\n\t\t\t<div class=\"elementor-widget-wrap elementor-element-populated\">\n\t\t\t\t\t\t<div class=\"elementor-element elementor-element-bd49480 elementor-widget elementor-widget-text-editor\" data-id=\"bd49480\" data-element_type=\"widget\" data-e-type=\"widget\" data-widget_type=\"text-editor.default\">\n\t\t\t\t<div class=\"elementor-widget-container\">\n\t\t\t\t\t\t\t\t\t<p>A mais pura cera de abelhas \u00e9 selecionada e combinada com a resina natural de pinheiro (breu &#8211; colof\u00f4nia) que tamb\u00e9m \u00e9 recolhida das melhores fazendas de Pinus do Brasil, todas com certifica\u00e7\u00f5es ambientais, a fim de se obter a melhor textura, ader\u00eancia e temperatura da cera sem fazer uso de mat\u00e9rias-primas &#8220;sint\u00e9ticas n\u00e3o naturais&#8221;, para ofertar produtos confi\u00e1veis aos nossos clientes e parceiros.<br \/>Na busca constante pela qualidade, estamos nos atualizando e implementando a\u00e7\u00f5es preventivas e corretivas para melhor atende-lo em toda nossa linha de produtos.\u00a0\u00a0<\/p>\t\t\t\t\t\t\t\t<\/div>\n\t\t\t\t<\/div>\n\t\t\t\t\t<\/div>\n\t\t<\/div>\n\t\t\t\t\t<\/div>\n\t\t<\/section>\n\t\t\t\t<div class=\"elementor-element elementor-element-f9a13e6 elementor-widget elementor-widget-text-editor\" data-id=\"f9a13e6\" data-element_type=\"widget\" data-e-type=\"widget\" data-widget_type=\"text-editor.default\">\n\t\t\t\t<div class=\"elementor-widget-container\">\n\t\t\t\t\t\t\t\t\t<p><b>Miss\u00e3o<\/b><br><span style=\"font-family: var( --e-global-typography-text-font-family ), Sans-serif;\">Desenvolver, produzir e comercializar cosm\u00e9ticos atrav\u00e9s do entendimento das necessidades das pessoas levando solu\u00e7\u00f5es que visam a plena satisfa\u00e7\u00e3o no uso e auto realiza\u00e7\u00e3o das mulheres, contribuindo para o aumento da autoestima de cada cliente, garantindo a cria\u00e7\u00e3o de valor e a sustentabilidade do neg\u00f3cio.<\/span><\/p>\n<p><span style=\"font-family: var( --e-global-typography-text-font-family ), Sans-serif;\"><b>Vis\u00e3o<br><\/b><\/span><span style=\"font-family: var( --e-global-typography-text-font-family ), Sans-serif;\">Ser refer\u00eancia como a empresa mais criativa no segmento de depilat\u00f3rios atrav\u00e9s de solu\u00e7\u00f5es naturais que proporcionem uma depila\u00e7\u00e3o eficiente e sem dor podendo crescer de forma sustent\u00e1vel.<\/span><\/p>\n<p><span style=\"font-family: var( --e-global-typography-text-font-family ), Sans-serif;\"><b>Valores<br><\/b><\/span><span style=\"font-family: var( --e-global-typography-text-font-family ), Sans-serif;\">A sa\u00fade em primeiro lugar;<br><\/span><span style=\"font-family: var( --e-global-typography-text-font-family ), Sans-serif;\">Comprometimento de todos e com todos;<br><\/span><span style=\"font-family: var( --e-global-typography-text-font-family ), Sans-serif;\">Valorizar quem faz a nossa empresa crescer;<br><\/span><span style=\"font-family: var( --e-global-typography-text-font-family ), Sans-serif;\">Entendimento e&nbsp; compreens\u00e3o<br><\/span><span style=\"font-family: var( --e-global-typography-text-font-family ), Sans-serif;\">Busca pela Qualidade cont\u00ednua<\/span><\/p>\n<p><span style=\"font-family: var( --e-global-typography-text-font-family ), Sans-serif;\"><b>Diferencial<br><\/b><\/span><span style=\"font-family: var( --e-global-typography-text-font-family ), Sans-serif;\">Inova\u00e7\u00e3o em solu\u00e7\u00f5es naturais mais eficientes e que reduzem o processo dolor da depila\u00e7\u00e3o compatibilizando custo e qualidade ofertando ao clientes o pre\u00e7o justo tornando-se parceiro do seu neg\u00f3cio.<\/span><\/p>\n<p><span style=\"font-family: var( --e-global-typography-text-font-family ), Sans-serif;\"><b>Best Sellers<br><\/b><\/span><span style=\"font-family: var( --e-global-typography-text-font-family ), Sans-serif;\">Nossa linha de ceras depilat\u00f3rias destacam-se no mercado atrav\u00e9s de duas ceras classificadas como as&nbsp; melhores no segmento de ceras do m\u00e9todo espanhol, sendo:<\/span><\/p><p><span style=\"font-family: var( --e-global-typography-text-font-family ), Sans-serif;\">&#8211; cera de mel com pr\u00f3polis 500gr<br><\/span><span style=\"font-family: var( --e-global-typography-text-font-family ), Sans-serif;\">&#8211; cera de cravo 500gr<\/span><\/p>\t\t\t\t\t\t\t\t<\/div>\n\t\t\t\t<\/div>\n\t\t\t\t\t<\/div>\n\t\t<\/div>\n\t\t\t\t\t<\/div>\n\t\t<\/section>\n\t\t\t\t<section class=\"elementor-section elementor-top-section elementor-element elementor-element-b00c5d9 elementor-section-boxed elementor-section-height-default elementor-section-height-default\" data-id=\"b00c5d9\" data-element_type=\"section\" data-e-type=\"section\">\n\t\t\t\t\t\t<div class=\"elementor-container elementor-column-gap-default\">\n\t\t\t\t\t<div class=\"elementor-column elementor-col-100 elementor-top-column elementor-element elementor-element-b943a00\" data-id=\"b943a00\" data-element_type=\"column\" data-e-type=\"column\">\n\t\t\t<div class=\"elementor-widget-wrap elementor-element-populated\">\n\t\t\t\t\t\t<div class=\"elementor-element elementor-element-14d7303 elementor-widget elementor-widget-heading\" data-id=\"14d7303\" data-element_type=\"widget\" data-e-type=\"widget\" data-widget_type=\"heading.default\">\n\t\t\t\t<div class=\"elementor-widget-container\">\n\t\t\t\t\t<h2 class=\"elementor-heading-title elementor-size-default\">ATUA\u00c7\u00c3O<\/h2>\t\t\t\t<\/div>\n\t\t\t\t<\/div>\n\t\t\t\t\t<\/div>\n\t\t<\/div>\n\t\t\t\t\t<\/div>\n\t\t<\/section>\n\t\t\t\t<section class=\"elementor-section elementor-top-section elementor-element elementor-element-64211fc elementor-section-boxed elementor-section-height-default elementor-section-height-default\" data-id=\"64211fc\" data-element_type=\"section\" data-e-type=\"section\">\n\t\t\t\t\t\t<div class=\"elementor-container elementor-column-gap-default\">\n\t\t\t\t\t<div class=\"elementor-column elementor-col-100 elementor-top-column elementor-element elementor-element-4600d7a\" data-id=\"4600d7a\" data-element_type=\"column\" data-e-type=\"column\">\n\t\t\t<div class=\"elementor-widget-wrap elementor-element-populated\">\n\t\t\t\t\t\t<div class=\"elementor-element elementor-element-02b8f04 elementor-widget-divider--view-line elementor-widget elementor-widget-divider\" data-id=\"02b8f04\" data-element_type=\"widget\" data-e-type=\"widget\" data-widget_type=\"divider.default\">\n\t\t\t\t<div class=\"elementor-widget-container\">\n\t\t\t\t\t\t\t<div class=\"elementor-divider\">\n\t\t\t<span class=\"elementor-divider-separator\">\n\t\t\t\t\t\t<\/span>\n\t\t<\/div>\n\t\t\t\t\t\t<\/div>\n\t\t\t\t<\/div>\n\t\t\t\t<section class=\"elementor-section elementor-inner-section elementor-element elementor-element-54b235c elementor-section-boxed elementor-section-height-default elementor-section-height-default\" data-id=\"54b235c\" data-element_type=\"section\" data-e-type=\"section\">\n\t\t\t\t\t\t<div class=\"elementor-container elementor-column-gap-default\">\n\t\t\t\t\t<div class=\"elementor-column elementor-col-50 elementor-inner-column elementor-element elementor-element-b64551a\" data-id=\"b64551a\" data-element_type=\"column\" data-e-type=\"column\">\n\t\t\t<div class=\"elementor-widget-wrap elementor-element-populated\">\n\t\t\t\t\t\t<div class=\"elementor-element elementor-element-a13497e elementor-widget elementor-widget-text-editor\" data-id=\"a13497e\" data-element_type=\"widget\" data-e-type=\"widget\" data-widget_type=\"text-editor.default\">\n\t\t\t\t<div class=\"elementor-widget-container\">\n\t\t\t\t\t\t\t\t\t<p>Atuamos no segmento de depila\u00e7\u00e3o oferecendo ceras depilat\u00f3rias, termoceras, descart\u00e1veis (pap\u00e9is de maca, len\u00e7os, rolos e EPIS), lo\u00e7\u00f5es pr\u00e9 e p\u00f3s-depila\u00e7\u00e3o e utens\u00edlios diversos para depila\u00e7\u00e3o.<br>Por sermos distribuidor atacadista das melhores marcas e tamb\u00e9m fabricante, conseguimos praticar pre\u00e7os competitivos para Atacadistas, Lojistas, Cl\u00ednicas e Sal\u00f5es de Beleza, com negocia\u00e7\u00f5es flex\u00edveis e personalizadas para cada tipo de cliente.<\/p>\n<p><strong>MAT\u00c9RIAS-PRIMAS<br><\/strong>Somos distribuidores de cera de abelhas, resinas naturais(breu-colofonia ),\u00f3leos vegetais e extratos tanto em Atacado como Varejo atendendo de pequenas e m\u00e9dias empresas, n\u00facleos de artesanatos at\u00e9 o consumidor final.&nbsp;<\/p>\t\t\t\t\t\t\t\t<\/div>\n\t\t\t\t<\/div>\n\t\t\t\t\t<\/div>\n\t\t<\/div>\n\t\t\t\t<div class=\"elementor-column elementor-col-50 elementor-inner-column elementor-element elementor-element-b777cea\" data-id=\"b777cea\" data-element_type=\"column\" data-e-type=\"column\">\n\t\t\t<div class=\"elementor-widget-wrap elementor-element-populated\">\n\t\t\t\t\t\t<div class=\"elementor-element elementor-element-f9204fb elementor-widget elementor-widget-image\" data-id=\"f9204fb\" data-element_type=\"widget\" data-e-type=\"widget\" data-widget_type=\"image.default\">\n\t\t\t\t<div class=\"elementor-widget-container\">\n\t\t\t\t\t\t\t\t\t\t\t\t\t\t\t<img decoding=\"async\" width=\"450\" height=\"280\" src=\"https:\/\/i0.wp.com\/ceranegra.com.br\/wordpress\/wp-content\/uploads\/2020\/03\/conheca1.jpg?fit=450%2C280&amp;ssl=1\" class=\"attachment-large size-large wp-image-704\" alt=\"\" srcset=\"https:\/\/i0.wp.com\/ceranegra.com.br\/wordpress\/wp-content\/uploads\/2020\/03\/conheca1.jpg?w=450&amp;ssl=1 450w, https:\/\/i0.wp.com\/ceranegra.com.br\/wordpress\/wp-content\/uploads\/2020\/03\/conheca1.jpg?resize=300%2C187&amp;ssl=1 300w, https:\/\/i0.wp.com\/ceranegra.com.br\/wordpress\/wp-content\/uploads\/2020\/03\/conheca1.jpg?resize=50%2C31&amp;ssl=1 50w\" sizes=\"(max-width: 450px) 100vw, 450px\" \/>\t\t\t\t\t\t\t\t\t\t\t\t\t\t\t<\/div>\n\t\t\t\t<\/div>\n\t\t\t\t<div class=\"elementor-element elementor-element-41a3fe4 elementor-widget elementor-widget-image\" data-id=\"41a3fe4\" data-element_type=\"widget\" data-e-type=\"widget\" data-widget_type=\"image.default\">\n\t\t\t\t<div class=\"elementor-widget-container\">\n\t\t\t\t\t\t\t\t\t\t\t\t\t\t\t<img decoding=\"async\" width=\"350\" height=\"178\" src=\"https:\/\/i0.wp.com\/ceranegra.com.br\/wordpress\/wp-content\/uploads\/2020\/03\/conheca2.jpg?fit=350%2C178&amp;ssl=1\" class=\"attachment-large size-large wp-image-707\" alt=\"\" srcset=\"https:\/\/i0.wp.com\/ceranegra.com.br\/wordpress\/wp-content\/uploads\/2020\/03\/conheca2.jpg?w=350&amp;ssl=1 350w, https:\/\/i0.wp.com\/ceranegra.com.br\/wordpress\/wp-content\/uploads\/2020\/03\/conheca2.jpg?resize=300%2C153&amp;ssl=1 300w, https:\/\/i0.wp.com\/ceranegra.com.br\/wordpress\/wp-content\/uploads\/2020\/03\/conheca2.jpg?resize=50%2C25&amp;ssl=1 50w\" sizes=\"(max-width: 350px) 100vw, 350px\" \/>\t\t\t\t\t\t\t\t\t\t\t\t\t\t\t<\/div>\n\t\t\t\t<\/div>\n\t\t\t\t\t<\/div>\n\t\t<\/div>\n\t\t\t\t\t<\/div>\n\t\t<\/section>\n\t\t\t\t\t<\/div>\n\t\t<\/div>\n\t\t\t\t\t<\/div>\n\t\t<\/section>\n\t\t\t\t<\/div>\n\t\t","protected":false},"excerpt":{"rendered":"<p>Trabalhamos com ceras naturais em especial a cera de abelhas desde 1999, selecionando em api\u00e1rios de todo o Brasil as melhores e mais pura cera de abelhas do mercado, oferecendo aos nossos clientes a qualidade real de um produto natural.\u00a0 A mais pura cera de abelhas \u00e9 selecionada e combinada com a resina natural de<span class=\"read-more-faq\"><a href=\"https:\/\/ceranegra.com.br\/wordpress\/sobre\/\">Read More<\/a><\/span><\/p>\n","protected":false},"author":1,"featured_media":0,"parent":0,"menu_order":0,"comment_status":"closed","ping_status":"closed","template":"","meta":{"footnotes":""},"class_list":["post-8","page","type-page","status-publish","hentry"],"wppr_data":{"cwp_meta_box_check":"No"},"jetpack_sharing_enabled":true,"_links":{"self":[{"href":"https:\/\/ceranegra.com.br\/wordpress\/wp-json\/wp\/v2\/pages\/8","targetHints":{"allow":["GET"]}}],"collection":[{"href":"https:\/\/ceranegra.com.br\/wordpress\/wp-json\/wp\/v2\/pages"}],"about":[{"href":"https:\/\/ceranegra.com.br\/wordpress\/wp-json\/wp\/v2\/types\/page"}],"author":[{"embeddable":true,"href":"https:\/\/ceranegra.com.br\/wordpress\/wp-json\/wp\/v2\/users\/1"}],"replies":[{"embeddable":true,"href":"https:\/\/ceranegra.com.br\/wordpress\/wp-json\/wp\/v2\/comments?post=8"}],"version-history":[{"count":19,"href":"https:\/\/ceranegra.com.br\/wordpress\/wp-json\/wp\/v2\/pages\/8\/revisions"}],"predecessor-version":[{"id":4035,"href":"https:\/\/ceranegra.com.br\/wordpress\/wp-json\/wp\/v2\/pages\/8\/revisions\/4035"}],"wp:attachment":[{"href":"https:\/\/ceranegra.com.br\/wordpress\/wp-json\/wp\/v2\/media?parent=8"}],"curies":[{"name":"wp","href":"https:\/\/api.w.org\/{rel}","templated":true}]}}