{"id":9,"date":"2017-10-11T21:30:54","date_gmt":"2017-10-12T00:30:54","guid":{"rendered":"http:\/\/ceranegra.com.br\/wordpress\/?page_id=9"},"modified":"2022-04-25T19:04:38","modified_gmt":"2022-04-25T22:04:38","slug":"contato","status":"publish","type":"page","link":"https:\/\/ceranegra.com.br\/wordpress\/contato\/","title":{"rendered":"Contato"},"content":{"rendered":"\t\t<div data-elementor-type=\"wp-page\" data-elementor-id=\"9\" class=\"elementor elementor-9\">\n\t\t\t\t\t\t<section class=\"elementor-section elementor-top-section elementor-element elementor-element-17f4dee elementor-section-boxed elementor-section-height-default elementor-section-height-default\" data-id=\"17f4dee\" data-element_type=\"section\" data-e-type=\"section\">\n\t\t\t\t\t\t<div class=\"elementor-container elementor-column-gap-default\">\n\t\t\t\t\t<div class=\"elementor-column elementor-col-100 elementor-top-column elementor-element elementor-element-6bb404e2\" data-id=\"6bb404e2\" data-element_type=\"column\" data-e-type=\"column\">\n\t\t\t<div class=\"elementor-widget-wrap elementor-element-populated\">\n\t\t\t\t\t\t<div class=\"elementor-element elementor-element-2f6adff4 elementor-widget elementor-widget-text-editor\" data-id=\"2f6adff4\" data-element_type=\"widget\" data-e-type=\"widget\" data-widget_type=\"text-editor.default\">\n\t\t\t\t<div class=\"elementor-widget-container\">\n\t\t\t\t\t\t\t\t\t<p>Estamos felizes por ter nos encontrado, voc\u00ea pode entrar em contato conosco\u00a0 diretamente em nossa f\u00e1brica ou ligar para um distribuidor mais pr\u00f3ximo de sua regi\u00e3o.<\/p><h2>Distribuidores:<\/h2>\t\t\t\t\t\t\t\t<\/div>\n\t\t\t\t<\/div>\n\t\t\t\t\t<\/div>\n\t\t<\/div>\n\t\t\t\t\t<\/div>\n\t\t<\/section>\n\t\t\t\t<section class=\"elementor-section elementor-top-section elementor-element elementor-element-8e04523 elementor-section-boxed elementor-section-height-default elementor-section-height-default\" data-id=\"8e04523\" data-element_type=\"section\" data-e-type=\"section\">\n\t\t\t\t\t\t<div class=\"elementor-container elementor-column-gap-default\">\n\t\t\t\t\t<div class=\"elementor-column elementor-col-100 elementor-top-column elementor-element elementor-element-db5348f\" data-id=\"db5348f\" data-element_type=\"column\" data-e-type=\"column\">\n\t\t\t<div class=\"elementor-widget-wrap elementor-element-populated\">\n\t\t\t\t\t\t<div class=\"elementor-element elementor-element-49f9003 elementor-widget elementor-widget-text-editor\" data-id=\"49f9003\" data-element_type=\"widget\" data-e-type=\"widget\" data-widget_type=\"text-editor.default\">\n\t\t\t\t<div class=\"elementor-widget-container\">\n\t\t\t\t\t\t\t\t\t<table><tbody><tr><td bgcolor=\"de821f\"><strong>S\u00e3o Paulo -SP<\/strong><br \/>Venda direta pela F\u00e1brica: (11) 3438-8532 ou (11) 99151-5765 whatzap<br \/>Obs.: a venda direta pela f\u00e1brica limita-se ao pedido m\u00ednimo de 20kg (caixa fechada)<br \/><br \/><strong>Compre tamb\u00e9m pelo Mercado Livre !<\/strong><\/td><\/tr><\/tbody><\/table><p><a href=\"https:\/\/produto.mercadolivre.com.br\/MLB-1303388048-cera-quente-depilatoria-anestesica-depilaco-mel-500g-_JM\"><img decoding=\"async\" data-recalc-dims=\"1\" class=\"alignnone size-full wp-image-3074\" src=\"https:\/\/i0.wp.com\/ceranegra.com.br\/wordpress\/wp-content\/uploads\/2021\/03\/ml.jpg?resize=253%2C64&#038;ssl=1\" alt=\"\" width=\"253\" height=\"64\" srcset=\"https:\/\/i0.wp.com\/ceranegra.com.br\/wordpress\/wp-content\/uploads\/2021\/03\/ml.jpg?w=253&amp;ssl=1 253w, https:\/\/i0.wp.com\/ceranegra.com.br\/wordpress\/wp-content\/uploads\/2021\/03\/ml.jpg?resize=50%2C13&amp;ssl=1 50w\" sizes=\"(max-width: 253px) 100vw, 253px\" \/><\/a><\/p>\t\t\t\t\t\t\t\t<\/div>\n\t\t\t\t<\/div>\n\t\t\t\t<div class=\"elementor-element elementor-element-4aa9401 elementor-widget-divider--view-line elementor-widget elementor-widget-divider\" data-id=\"4aa9401\" data-element_type=\"widget\" data-e-type=\"widget\" data-widget_type=\"divider.default\">\n\t\t\t\t<div class=\"elementor-widget-container\">\n\t\t\t\t\t\t\t<div class=\"elementor-divider\">\n\t\t\t<span class=\"elementor-divider-separator\">\n\t\t\t\t\t\t<\/span>\n\t\t<\/div>\n\t\t\t\t\t\t<\/div>\n\t\t\t\t<\/div>\n\t\t\t\t\t<\/div>\n\t\t<\/div>\n\t\t\t\t\t<\/div>\n\t\t<\/section>\n\t\t\t\t<section class=\"elementor-section elementor-top-section elementor-element elementor-element-d7df1df elementor-section-boxed elementor-section-height-default elementor-section-height-default\" data-id=\"d7df1df\" data-element_type=\"section\" data-e-type=\"section\">\n\t\t\t\t\t\t<div class=\"elementor-container elementor-column-gap-default\">\n\t\t\t\t\t<div class=\"elementor-column elementor-col-100 elementor-top-column elementor-element elementor-element-39f8cba\" data-id=\"39f8cba\" data-element_type=\"column\" data-e-type=\"column\">\n\t\t\t<div class=\"elementor-widget-wrap elementor-element-populated\">\n\t\t\t\t\t\t<section class=\"elementor-section elementor-inner-section elementor-element elementor-element-fe6df42 elementor-section-boxed elementor-section-height-default elementor-section-height-default\" data-id=\"fe6df42\" data-element_type=\"section\" data-e-type=\"section\">\n\t\t\t\t\t\t<div class=\"elementor-container elementor-column-gap-default\">\n\t\t\t\t\t<div class=\"elementor-column elementor-col-50 elementor-inner-column elementor-element elementor-element-f588826\" data-id=\"f588826\" data-element_type=\"column\" data-e-type=\"column\">\n\t\t\t<div class=\"elementor-widget-wrap elementor-element-populated\">\n\t\t\t\t\t\t<div class=\"elementor-element elementor-element-39226fe elementor-widget elementor-widget-text-editor\" data-id=\"39226fe\" data-element_type=\"widget\" data-e-type=\"widget\" data-widget_type=\"text-editor.default\">\n\t\t\t\t<div class=\"elementor-widget-container\">\n\t\t\t\t\t\t\t\t\t<h4><strong>ESTADO DE S\u00c3O PAULO<\/strong><\/h4><p>S\u00e3o Bernardo do Campo &#8211; SP<br \/>Sr. Reinaldo: (11) 96468-1598<\/p><p>S\u00e3o Paulo &#8211; Zona Sul<br \/>Sra. Nathalia: (11) 99103-7803<\/p><p><strong>S\u00e3o Paulo Interior<\/strong><\/p><p>\u00c1rea DDD 15 Tatu\u00ed e Regi\u00e3o<br \/>Sr. Isaque: (11) 99701-0994<\/p><p>Hortol\u00e2ndia<br \/>Sra. Maria Paula (19) 99310-3650<\/p><p>Atibaia e Regi\u00e3o<br \/>Sra. Clenia (11) 99500-9621<\/p><p>Taubat\u00e9 e Regi\u00e3o<br \/>Sr. Celso (12)\u00a0 97406-9819<\/p><h4>OUTROS PA\u00cdSES<\/h4><p><strong>Estados Unidos<\/strong><br \/>Sra. Elisete: (954) 601-6715<\/p><p><strong>Reino Unido &#8211; Inglaterra<br \/><\/strong>Sra. Andreia: (44 7927) 5600046<\/p>\t\t\t\t\t\t\t\t<\/div>\n\t\t\t\t<\/div>\n\t\t\t\t\t<\/div>\n\t\t<\/div>\n\t\t\t\t<div class=\"elementor-column elementor-col-50 elementor-inner-column elementor-element elementor-element-39af0a6\" data-id=\"39af0a6\" data-element_type=\"column\" data-e-type=\"column\">\n\t\t\t<div class=\"elementor-widget-wrap elementor-element-populated\">\n\t\t\t\t\t\t<div class=\"elementor-element elementor-element-ddc261b elementor-widget elementor-widget-text-editor\" data-id=\"ddc261b\" data-element_type=\"widget\" data-e-type=\"widget\" data-widget_type=\"text-editor.default\">\n\t\t\t\t<div class=\"elementor-widget-container\">\n\t\t\t\t\t\t\t\t\t<h4>OUTROS ESTADOS<\/h4><p><strong>Bahia &#8211; Salvador<\/strong><br \/>SOS Distrib.: Sr. Anderson (71) 3161-7409 ou (71) 99114-7409<\/p><p>Bahia &#8211; Cama\u00e7ari<br \/>Sra. Lucila: (71) 99699-9981<\/p><p>Bahia &#8211; Feira de Santana<br \/>Sr. Antonio Jorge: (75) 98105-8403<\/p><p><strong>Santa Catarina<\/strong><br \/>4 U Distribuidora: (49) 99916-2225<\/p><p><strong>Minas Gerais &#8211; Diamantina<\/strong><br \/>Casa do Cabeleilero: (38) 3531-7911<br \/>\u00d4nix Cosm\u00e9ticos:\u00a0(38) 3531-9612<\/p><p><strong>Mato Grosso do Sul<\/strong><br \/>Sr. Marcos: (67) 98113-4477<\/p><p><strong>Maranh\u00e3o<\/strong><br \/>Sra. Ana Mery: (99) 99164-8927<\/p><p><b>Acre<\/b><br \/>Forma&amp;Derm: (68)99210-8510<\/p>\t\t\t\t\t\t\t\t<\/div>\n\t\t\t\t<\/div>\n\t\t\t\t\t<\/div>\n\t\t<\/div>\n\t\t\t\t\t<\/div>\n\t\t<\/section>\n\t\t\t\t\t<\/div>\n\t\t<\/div>\n\t\t\t\t\t<\/div>\n\t\t<\/section>\n\t\t\t\t<section class=\"elementor-section elementor-top-section elementor-element elementor-element-1dc3aa3 elementor-section-boxed elementor-section-height-default elementor-section-height-default\" data-id=\"1dc3aa3\" data-element_type=\"section\" data-e-type=\"section\">\n\t\t\t\t\t\t<div class=\"elementor-container elementor-column-gap-default\">\n\t\t\t\t\t<div class=\"elementor-column elementor-col-100 elementor-top-column elementor-element elementor-element-66a110b\" data-id=\"66a110b\" data-element_type=\"column\" data-e-type=\"column\">\n\t\t\t<div class=\"elementor-widget-wrap elementor-element-populated\">\n\t\t\t\t\t\t<div class=\"elementor-element elementor-element-a4bb21b elementor-widget-divider--view-line elementor-widget elementor-widget-divider\" data-id=\"a4bb21b\" data-element_type=\"widget\" data-e-type=\"widget\" data-widget_type=\"divider.default\">\n\t\t\t\t<div class=\"elementor-widget-container\">\n\t\t\t\t\t\t\t<div class=\"elementor-divider\">\n\t\t\t<span class=\"elementor-divider-separator\">\n\t\t\t\t\t\t<\/span>\n\t\t<\/div>\n\t\t\t\t\t\t<\/div>\n\t\t\t\t<\/div>\n\t\t\t\t\t<\/div>\n\t\t<\/div>\n\t\t\t\t\t<\/div>\n\t\t<\/section>\n\t\t\t\t<section class=\"elementor-section elementor-top-section elementor-element elementor-element-f2f3697 elementor-section-boxed elementor-section-height-default elementor-section-height-default\" data-id=\"f2f3697\" data-element_type=\"section\" data-e-type=\"section\">\n\t\t\t\t\t\t<div class=\"elementor-container elementor-column-gap-default\">\n\t\t\t\t\t<div class=\"elementor-column elementor-col-100 elementor-top-column elementor-element elementor-element-e21d5c8\" data-id=\"e21d5c8\" data-element_type=\"column\" data-e-type=\"column\">\n\t\t\t<div class=\"elementor-widget-wrap elementor-element-populated\">\n\t\t\t\t\t\t<div class=\"elementor-element elementor-element-a514eb6 elementor-widget elementor-widget-heading\" data-id=\"a514eb6\" data-element_type=\"widget\" data-e-type=\"widget\" data-widget_type=\"heading.default\">\n\t\t\t\t<div class=\"elementor-widget-container\">\n\t\t\t\t\t<h2 class=\"elementor-heading-title elementor-size-default\">ONDE ESTAMOS<\/h2>\t\t\t\t<\/div>\n\t\t\t\t<\/div>\n\t\t\t\t\t<\/div>\n\t\t<\/div>\n\t\t\t\t\t<\/div>\n\t\t<\/section>\n\t\t\t\t<section class=\"elementor-section elementor-top-section elementor-element elementor-element-32c430f elementor-section-boxed elementor-section-height-default elementor-section-height-default\" data-id=\"32c430f\" data-element_type=\"section\" data-e-type=\"section\">\n\t\t\t\t\t\t<div class=\"elementor-container elementor-column-gap-default\">\n\t\t\t\t\t<div class=\"elementor-column elementor-col-100 elementor-top-column elementor-element elementor-element-e4cc27e\" data-id=\"e4cc27e\" data-element_type=\"column\" data-e-type=\"column\">\n\t\t\t<div class=\"elementor-widget-wrap elementor-element-populated\">\n\t\t\t\t\t\t<div class=\"elementor-element elementor-element-a1ad58e elementor-widget elementor-widget-google_maps\" data-id=\"a1ad58e\" data-element_type=\"widget\" data-e-type=\"widget\" data-widget_type=\"google_maps.default\">\n\t\t\t\t<div class=\"elementor-widget-container\">\n\t\t\t\t\t\t\t<div class=\"elementor-custom-embed\">\n\t\t\t<iframe loading=\"lazy\"\n\t\t\t\t\tsrc=\"https:\/\/maps.google.com\/maps?q=Rua%20piracicaba%2C%20759%20Santo%20Andre%2C%20Brasil&#038;t=m&#038;z=10&#038;output=embed&#038;iwloc=near\"\n\t\t\t\t\ttitle=\"Rua piracicaba, 759 Santo Andre, Brasil\"\n\t\t\t\t\taria-label=\"Rua piracicaba, 759 Santo Andre, Brasil\"\n\t\t\t><\/iframe>\n\t\t<\/div>\n\t\t\t\t\t\t<\/div>\n\t\t\t\t<\/div>\n\t\t\t\t\t<\/div>\n\t\t<\/div>\n\t\t\t\t\t<\/div>\n\t\t<\/section>\n\t\t\t\t<\/div>\n\t\t","protected":false},"excerpt":{"rendered":"<p>Estamos felizes por ter nos encontrado, voc\u00ea pode entrar em contato conosco\u00a0 diretamente em nossa f\u00e1brica ou ligar para um distribuidor mais pr\u00f3ximo de sua regi\u00e3o. Distribuidores: S\u00e3o Paulo -SPVenda direta pela F\u00e1brica: (11) 3438-8532 ou (11) 99151-5765 whatzapObs.: a venda direta pela f\u00e1brica limita-se ao pedido m\u00ednimo de 20kg (caixa fechada) Compre tamb\u00e9m pelo<span class=\"read-more-faq\"><a href=\"https:\/\/ceranegra.com.br\/wordpress\/contato\/\">Read More<\/a><\/span><\/p>\n","protected":false},"author":1,"featured_media":0,"parent":0,"menu_order":0,"comment_status":"closed","ping_status":"closed","template":"","meta":{"footnotes":""},"class_list":["post-9","page","type-page","status-publish","hentry"],"wppr_data":{"cwp_meta_box_check":"No"},"jetpack_sharing_enabled":true,"_links":{"self":[{"href":"https:\/\/ceranegra.com.br\/wordpress\/wp-json\/wp\/v2\/pages\/9","targetHints":{"allow":["GET"]}}],"collection":[{"href":"https:\/\/ceranegra.com.br\/wordpress\/wp-json\/wp\/v2\/pages"}],"about":[{"href":"https:\/\/ceranegra.com.br\/wordpress\/wp-json\/wp\/v2\/types\/page"}],"author":[{"embeddable":true,"href":"https:\/\/ceranegra.com.br\/wordpress\/wp-json\/wp\/v2\/users\/1"}],"replies":[{"embeddable":true,"href":"https:\/\/ceranegra.com.br\/wordpress\/wp-json\/wp\/v2\/comments?post=9"}],"version-history":[{"count":33,"href":"https:\/\/ceranegra.com.br\/wordpress\/wp-json\/wp\/v2\/pages\/9\/revisions"}],"predecessor-version":[{"id":3927,"href":"https:\/\/ceranegra.com.br\/wordpress\/wp-json\/wp\/v2\/pages\/9\/revisions\/3927"}],"wp:attachment":[{"href":"https:\/\/ceranegra.com.br\/wordpress\/wp-json\/wp\/v2\/media?parent=9"}],"curies":[{"name":"wp","href":"https:\/\/api.w.org\/{rel}","templated":true}]}}