{"id":111,"date":"2019-11-10T11:38:16","date_gmt":"2019-11-10T14:38:16","guid":{"rendered":"http:\/\/ceranegra.com.br\/wordpress\/?post_type=product&#038;p=111"},"modified":"2026-05-03T16:40:53","modified_gmt":"2026-05-03T19:40:53","slug":"cera-mel-500gr","status":"publish","type":"product","link":"https:\/\/ceranegra.com.br\/wordpress\/produto\/cera-mel-500gr\/","title":{"rendered":"Cera de Mel 500gr"},"content":{"rendered":"<p><b>M\u00e9todo Espanhol <em>&#8211; aplica\u00e7\u00e3o em grandes \u00e1reas\u00a0<\/em><br \/>\n<\/b>permite puxar grandes tiras de ceras sem que a cera se quebre durante a retirada.<b><\/b><\/p>\n<p>Indica\u00e7\u00f5es:<br \/>\nProduto feito Artesanalmente.<br \/>\nCera de Placas conhecida como cera Negra ou espanhola \u00e9 produzida artesanalmente com colof\u00f4nia,\u00a0 cera bruta de abelha e pr\u00f3polis, n\u00e3o provoca Alergia , n\u00e3o possuindo contra indica\u00e7\u00f5es.<br \/>\nNutri e hidrata a pele no processo depilat\u00f3rio, por ser el\u00e1stica permite uma depila\u00e7\u00e3o r\u00e1pida menos dolorosa e mais eficiente removendo desde &#8220;penugens&#8221; at\u00e9 os p\u00ealos mais resistentes ( virilha\/axilas ), podendo ser aplicada em pernas inteiras , ex.: do p\u00e9 at\u00e9 os joelhos e dos joelhos para as coxas, etc..<\/p>\n<p><b><br \/>\nModo de usar<\/b><br \/>\nColocar a cera em um pote por 10 minutos direto ao fogo ( em um pote mais resistente, panela etc. ) ou termo-cera verificar se derreteu . Deixar esfriar por 5 a 10 minutos at\u00e9 que esteja em temperatura suport\u00e1vel (ideal quando ficar igual a um mingal). Com um tipo de esp\u00e1tula passar uma camada leve no local a ser depilado, ( antes de espalhar sob a pele verifique se a temperatura \u00e9 suport\u00e1vel ). Aguarde ela secar sob a pele. Ap\u00f3s alguns segundos ela se tornar\u00e1 uma esp\u00e9cie de placa pl\u00e1stica ( textura de goma ), neste ponto voc\u00ea deve vir puxando pela extremidade contr\u00e1ria a qual voc\u00ea aplicou a cera, depois repita o processo em outras partes. Por motivo de higiene a cera deve ser utilizada apenas por uma pessoa, ap\u00f3s a depila\u00e7\u00e3o deve-se lavar as pernas com \u00e1gua morna, manter fechado o pote de cera quando esfriar e guarda-lo em ambiente fresco afim de conserva-lo para uma pr\u00f3xima depila\u00e7\u00e3o.<br \/>\nEm caso de ingest\u00e3o, procurar orienta\u00e7\u00e3o m\u00e9dica, aconselha-se manter fora do alcance de crian\u00e7as.<\/p>\n<p><b>Prazo de validade: 3 anos<\/b><\/p>\n","protected":false},"excerpt":{"rendered":"<h4>Cera Negra El\u00e1stica<\/h4>\n<p>Conhecida tamb\u00e9m como Cera Negra, Cera El\u00e1stica ou Cera Espanhola, possui cera pura de abelha e resina de pinheiro com extrato de pr\u00f3polis.<br \/>\nSua retirada da pele \u00e9 feita com a pr\u00f3pria cera, comumente encontrada em institutos de depila\u00e7\u00e3o que trabalham com o m\u00e9todo espanhol. Elaborada com 100% de cera pura de abelhas, permite aplica\u00e7\u00e3o em grandes \u00e1reas, possuindo alta elasticidade n\u00e3o quebram na retirada, podendo ser aplicada em camadas finas <span style=\"color: orange;\">RENDE AT\u00c9 50% MAIS<\/span> que as outras ceras do m\u00e9todo espanhol, proporcionando uma depila\u00e7\u00e3o r\u00e1pida, pr\u00e1tica e menos dolorosa. Sendo de baixa fus\u00e3o (n\u00e3o muito quente), reduz vermelh\u00f5es na pele, p\u00ealos encravados, forma\u00e7\u00f5es de vasos e a foliculite<\/p>\n","protected":false},"featured_media":946,"comment_status":"open","ping_status":"closed","template":"","meta":[],"product_brand":[],"product_cat":[25],"product_tag":[40,39],"class_list":{"0":"post-111","1":"product","2":"type-product","3":"status-publish","4":"has-post-thumbnail","6":"product_cat-cera-elastica","7":"product_tag-cera-depilatoria","8":"product_tag-cera-elastica","10":"first","11":"instock","12":"shipping-taxable","13":"purchasable","14":"product-type-simple"},"wppr_data":{"cwp_meta_box_check":"No"},"jetpack_sharing_enabled":true,"_links":{"self":[{"href":"https:\/\/ceranegra.com.br\/wordpress\/wp-json\/wp\/v2\/product\/111","targetHints":{"allow":["GET"]}}],"collection":[{"href":"https:\/\/ceranegra.com.br\/wordpress\/wp-json\/wp\/v2\/product"}],"about":[{"href":"https:\/\/ceranegra.com.br\/wordpress\/wp-json\/wp\/v2\/types\/product"}],"replies":[{"embeddable":true,"href":"https:\/\/ceranegra.com.br\/wordpress\/wp-json\/wp\/v2\/comments?post=111"}],"wp:featuredmedia":[{"embeddable":true,"href":"https:\/\/ceranegra.com.br\/wordpress\/wp-json\/wp\/v2\/media\/946"}],"wp:attachment":[{"href":"https:\/\/ceranegra.com.br\/wordpress\/wp-json\/wp\/v2\/media?parent=111"}],"wp:term":[{"taxonomy":"product_brand","embeddable":true,"href":"https:\/\/ceranegra.com.br\/wordpress\/wp-json\/wp\/v2\/product_brand?post=111"},{"taxonomy":"product_cat","embeddable":true,"href":"https:\/\/ceranegra.com.br\/wordpress\/wp-json\/wp\/v2\/product_cat?post=111"},{"taxonomy":"product_tag","embeddable":true,"href":"https:\/\/ceranegra.com.br\/wordpress\/wp-json\/wp\/v2\/product_tag?post=111"}],"curies":[{"name":"wp","href":"https:\/\/api.w.org\/{rel}","templated":true}]}}