{"id":2010,"date":"2020-05-10T12:18:17","date_gmt":"2020-05-10T15:18:17","guid":{"rendered":"https:\/\/ceranegra.com.br\/wordpress\/?post_type=product&#038;p=2010"},"modified":"2025-09-29T22:48:53","modified_gmt":"2025-09-30T01:48:53","slug":"abaixador-de-lingua-inox","status":"publish","type":"product","link":"https:\/\/ceranegra.com.br\/wordpress\/produto\/abaixador-de-lingua-inox\/","title":{"rendered":"Abaixador de L\u00edngua Inox"},"content":{"rendered":"<p>O abaixador de L\u00edngua em a\u00e7o inox 304, \u00e9 a melhor op\u00e7\u00e3o em rela\u00e7\u00e3o \u00e0 esteriliza\u00e7\u00e3o, principalmente quando comparada a materiais como: esp\u00e1tulas de madeira, pl\u00e1stico, e pinceis, os quais s\u00e3o passiveis a plorifera\u00e7\u00e3o de bact\u00e9rias e fungos.<\/p>\n<p>Outra vantagem \u00e9 a economia, pois voc\u00ea compra um \u00fanico palito de inox e substitui centenas de palitos de madeira que s\u00e3o descartados a cada depila\u00e7\u00e3o, sem contar que muitas vezes estes palitos de madeira soltam pequenas farpas que podem arranhar a pele do rosto, a qual \u00e9 mais sens\u00edvel.<\/p>\n<p>Evite constrangimentos com clientes e autoridades sanit\u00e1rias, regularize-se com o uso adequado dos materiais descart\u00e1veis e procure o quanto antes utilizar-se de produtos de a\u00e7o inox 304 aprovados pela Vigil\u00e2ncia Sanit\u00e1ria os quais s\u00e3o recomendados para esteriliza\u00e7\u00e3o.<\/p>\n","protected":false},"excerpt":{"rendered":"<p>&nbsp;<\/p>\n<p>Esp\u00e1tula tipo Abaixador de L\u00edngua de Inox fabricado com a\u00e7o inox 304, substitui o tradicional palito de madeira o qual n\u00e3o \u00e9 estereliz\u00e1vel, indicado para o uso de depila\u00e7\u00e3o facial e para depila\u00e7\u00e3o em \u00e1reas pequenas do corpo, possui alta resist\u00eancia, n\u00e3o oxida e n\u00e3o absorve calor. Sendo estereliz\u00e1vel \u00e9 de f\u00e1cil limpeza, permite espalhar a cera de forma r\u00e1pida.<br \/>\nPor possuir bordas arredondadas projetadas especialmente para melhorar o deslize da cera sobre a pele, ajuda a depiladora aplicar camadas mais finas de cera sem que as bordas se desfa\u00e7am, aumentando assim o rendimento da cera e otimizando o trabalho e tempo da depiladora.<br \/>\nA esp\u00e1tula de inox \u00e9 altamente recomendada por todas as autoridades Sanit\u00e1rias do Brasil.<\/p>\n","protected":false},"featured_media":2011,"comment_status":"open","ping_status":"closed","template":"","meta":[],"product_brand":[],"product_cat":[17],"product_tag":[42],"class_list":{"0":"post-2010","1":"product","2":"type-product","3":"status-publish","4":"has-post-thumbnail","6":"product_cat-utensilios","7":"product_tag-espatula-inox","9":"first","10":"instock","11":"sale","12":"purchasable","13":"product-type-simple"},"wppr_data":{"cwp_meta_box_check":"No"},"jetpack_sharing_enabled":true,"_links":{"self":[{"href":"https:\/\/ceranegra.com.br\/wordpress\/wp-json\/wp\/v2\/product\/2010","targetHints":{"allow":["GET"]}}],"collection":[{"href":"https:\/\/ceranegra.com.br\/wordpress\/wp-json\/wp\/v2\/product"}],"about":[{"href":"https:\/\/ceranegra.com.br\/wordpress\/wp-json\/wp\/v2\/types\/product"}],"replies":[{"embeddable":true,"href":"https:\/\/ceranegra.com.br\/wordpress\/wp-json\/wp\/v2\/comments?post=2010"}],"wp:featuredmedia":[{"embeddable":true,"href":"https:\/\/ceranegra.com.br\/wordpress\/wp-json\/wp\/v2\/media\/2011"}],"wp:attachment":[{"href":"https:\/\/ceranegra.com.br\/wordpress\/wp-json\/wp\/v2\/media?parent=2010"}],"wp:term":[{"taxonomy":"product_brand","embeddable":true,"href":"https:\/\/ceranegra.com.br\/wordpress\/wp-json\/wp\/v2\/product_brand?post=2010"},{"taxonomy":"product_cat","embeddable":true,"href":"https:\/\/ceranegra.com.br\/wordpress\/wp-json\/wp\/v2\/product_cat?post=2010"},{"taxonomy":"product_tag","embeddable":true,"href":"https:\/\/ceranegra.com.br\/wordpress\/wp-json\/wp\/v2\/product_tag?post=2010"}],"curies":[{"name":"wp","href":"https:\/\/api.w.org\/{rel}","templated":true}]}}