{"id":2014,"date":"2020-05-10T22:10:32","date_gmt":"2020-05-11T01:10:32","guid":{"rendered":"https:\/\/ceranegra.com.br\/wordpress\/?post_type=product&#038;p=2014"},"modified":"2026-03-29T17:09:15","modified_gmt":"2026-03-29T20:09:15","slug":"plasticotermocera","status":"publish","type":"product","link":"https:\/\/ceranegra.com.br\/wordpress\/produto\/plasticotermocera\/","title":{"rendered":"Pl\u00e1stico para Termocera"},"content":{"rendered":"<p>Permite trabalhar de forma mais higi\u00eanica como tamb\u00e9m d\u00e1 op\u00e7\u00e3o de utilizar mais de um tipo de cera.<\/p>\n<p>Modo de usar:<br \/>\nForre a termo-cera com o pl\u00e1stico e aquecer a cera normalmente, n\u00e3o deixar o equipamento ligado em temperatura m\u00e1xima por mais de 4 horas.<\/p>\n<p>Mantenha em um local isento de umidade e luz solar.<\/p>\n<p>Composi\u00e7\u00e3o: Filme flex\u00edvel bitratado.<\/p>\n<p>Tamanho das Folhas Pl\u00e1sticas: 50cm x 50cm<\/p>\n<p>Quantidade das Folhas Pl\u00e1sticas : 1 embalagem com 6 folhas<\/p>\n<p><em>Validade 3 anos.<\/em><\/p>\n","protected":false},"excerpt":{"rendered":"<p>&nbsp;<\/p>\n<p>A folha pl\u00e1stica foi projetada com um filme pl\u00e1stico resistente a altas temperaturas (at\u00e9 120c\u00b0), sendo ideal para forrar a termocera e proteger seu equipamento da cera utilizada no processo da depila\u00e7\u00e3o, al\u00e9m de permitir que se utilize mais de um tipo de cera em um mesmo aparelho termocera, como tamb\u00e9m, manter total higiene no processo de derretimento e uso da cera depilat\u00f3ria.<\/p>\n<p>Simples de utilizar, basta pegar a folha pl\u00e1stica e forrar seu refil\/recipiente do termocera e colocar a quantidade de cera pertinente a capacidade do aparelho termocera.<br \/>\nLigue a termocera e aguarde a cera derreter.<br \/>\nPara saber se a cera est\u00e1 no ponto de aplica\u00e7\u00e3o mexa com uma esp\u00e1tula at\u00e9 que sua consist\u00eancia fique homog\u00eanea e pastosa;<br \/>\nCaso necessite guardar o restante da cera, feche o saco e lacre com o arame que vem junto da embalagem.<\/p>\n","protected":false},"featured_media":2016,"comment_status":"open","ping_status":"closed","template":"","meta":[],"product_brand":[],"product_cat":[17],"product_tag":[43],"class_list":{"0":"post-2014","1":"product","2":"type-product","3":"status-publish","4":"has-post-thumbnail","6":"product_cat-utensilios","7":"product_tag-protetor-termocera","9":"first","10":"instock","11":"purchasable","12":"product-type-simple"},"wppr_data":{"cwp_meta_box_check":"No"},"jetpack_sharing_enabled":true,"_links":{"self":[{"href":"https:\/\/ceranegra.com.br\/wordpress\/wp-json\/wp\/v2\/product\/2014","targetHints":{"allow":["GET"]}}],"collection":[{"href":"https:\/\/ceranegra.com.br\/wordpress\/wp-json\/wp\/v2\/product"}],"about":[{"href":"https:\/\/ceranegra.com.br\/wordpress\/wp-json\/wp\/v2\/types\/product"}],"replies":[{"embeddable":true,"href":"https:\/\/ceranegra.com.br\/wordpress\/wp-json\/wp\/v2\/comments?post=2014"}],"wp:featuredmedia":[{"embeddable":true,"href":"https:\/\/ceranegra.com.br\/wordpress\/wp-json\/wp\/v2\/media\/2016"}],"wp:attachment":[{"href":"https:\/\/ceranegra.com.br\/wordpress\/wp-json\/wp\/v2\/media?parent=2014"}],"wp:term":[{"taxonomy":"product_brand","embeddable":true,"href":"https:\/\/ceranegra.com.br\/wordpress\/wp-json\/wp\/v2\/product_brand?post=2014"},{"taxonomy":"product_cat","embeddable":true,"href":"https:\/\/ceranegra.com.br\/wordpress\/wp-json\/wp\/v2\/product_cat?post=2014"},{"taxonomy":"product_tag","embeddable":true,"href":"https:\/\/ceranegra.com.br\/wordpress\/wp-json\/wp\/v2\/product_tag?post=2014"}],"curies":[{"name":"wp","href":"https:\/\/api.w.org\/{rel}","templated":true}]}}