{"id":2516,"date":"2020-08-20T22:58:02","date_gmt":"2020-08-21T01:58:02","guid":{"rendered":"https:\/\/ceranegra.com.br\/wordpress\/?post_type=product&#038;p=2516"},"modified":"2026-05-02T11:45:35","modified_gmt":"2026-05-02T14:45:35","slug":"papelrolo","status":"publish","type":"product","link":"https:\/\/ceranegra.com.br\/wordpress\/produto\/papelrolo\/","title":{"rendered":"Papel Rolo 50 mts"},"content":{"rendered":"<p>\u00c9 ideal para uso em depila\u00e7\u00f5es com ceras que necessitam ser removidas com papel ou tecido, especialmente indicado para as ceras Eg\u00edpcia e ceras roll-on convencionais. \u00c9 hipoalerg\u00eanico e extremamente higi\u00eanico, j\u00e1 que a cera utilizada n\u00e3o pode ser reaproveitada.<\/p>\n<p>Rolo com 50 metros, permitindo cortar o papel na medida desejada.<\/p>\n<p>Tamanho: 7,3 cm x 50 m<\/p>\n<p>Composi\u00e7\u00e3o: Falso tecido em fibra natural.<\/p>\n<p>Produto n\u00e3o perec\u00edvel<\/p>\n<p>Validade indeterminada<\/p>\n<p>Cont\u00e9m 1 rolo de 50 m<\/p>\n<p>Fabricante: Eg\u00edpcia Ind\u00fastria e Com\u00e9rcio Ltda.<\/p>\n","protected":false},"excerpt":{"rendered":"<p>&nbsp;<\/p>\n<p>O Rolo de Papel TNT \u00e9 ideal para remover a cera depilat\u00f3ria da pele sem agredi-la. Desenvolvidos especialmente para serem utilizados na depila\u00e7\u00e3o, compostos por fibras naturais s\u00e3o: Higi\u00eanico, pr\u00e1tico, descart\u00e1vel, macio e resistente. Removem a cera facilmente, proporcionado conforto e praticidade para o cliente e o profissional.<br \/>\nRetira totalmente a cera da pele, f\u00e1cil de usar, composto por fibras 100% naturais, n\u00e3o rasgam durante o processo depilat\u00f3rio.<br \/>\nPor possuir uma gramatura maior que as dos pap\u00e9is convencionais evita que a cera &#8220;enxarque o papel&#8221;, ou seja, evita o desperd\u00edcio de cera aumentando expressivamente o rendimento da cera utilizada.<\/p>\n","protected":false},"featured_media":2517,"comment_status":"open","ping_status":"closed","template":"","meta":[],"product_brand":[],"product_cat":[36],"product_tag":[47],"class_list":{"0":"post-2516","1":"product","2":"type-product","3":"status-publish","4":"has-post-thumbnail","6":"product_cat-descartavel","7":"product_tag-papel-depilacao","9":"first","10":"instock","11":"sale","12":"taxable","13":"shipping-taxable","14":"purchasable","15":"product-type-simple"},"wppr_data":{"cwp_meta_box_check":"No"},"jetpack_sharing_enabled":true,"_links":{"self":[{"href":"https:\/\/ceranegra.com.br\/wordpress\/wp-json\/wp\/v2\/product\/2516","targetHints":{"allow":["GET"]}}],"collection":[{"href":"https:\/\/ceranegra.com.br\/wordpress\/wp-json\/wp\/v2\/product"}],"about":[{"href":"https:\/\/ceranegra.com.br\/wordpress\/wp-json\/wp\/v2\/types\/product"}],"replies":[{"embeddable":true,"href":"https:\/\/ceranegra.com.br\/wordpress\/wp-json\/wp\/v2\/comments?post=2516"}],"wp:featuredmedia":[{"embeddable":true,"href":"https:\/\/ceranegra.com.br\/wordpress\/wp-json\/wp\/v2\/media\/2517"}],"wp:attachment":[{"href":"https:\/\/ceranegra.com.br\/wordpress\/wp-json\/wp\/v2\/media?parent=2516"}],"wp:term":[{"taxonomy":"product_brand","embeddable":true,"href":"https:\/\/ceranegra.com.br\/wordpress\/wp-json\/wp\/v2\/product_brand?post=2516"},{"taxonomy":"product_cat","embeddable":true,"href":"https:\/\/ceranegra.com.br\/wordpress\/wp-json\/wp\/v2\/product_cat?post=2516"},{"taxonomy":"product_tag","embeddable":true,"href":"https:\/\/ceranegra.com.br\/wordpress\/wp-json\/wp\/v2\/product_tag?post=2516"}],"curies":[{"name":"wp","href":"https:\/\/api.w.org\/{rel}","templated":true}]}}