{"id":3600,"date":"2021-09-23T19:34:51","date_gmt":"2021-09-23T22:34:51","guid":{"rendered":"https:\/\/ceranegra.com.br\/wordpress\/?post_type=product&#038;p=3600"},"modified":"2022-04-25T18:57:56","modified_gmt":"2022-04-25T21:57:56","slug":"argila-branca-500-gr","status":"publish","type":"product","link":"https:\/\/ceranegra.com.br\/wordpress\/produto\/argila-branca-500-gr\/","title":{"rendered":"ARGILA BRANCA 500 Gr"},"content":{"rendered":"<p>A argila branca \u00e9 uma subst\u00e2ncia em p\u00f3 usada para tratar a pele e o cabelo, ela \u00e9 uma op\u00e7\u00e3o de tratamento cosm\u00e9tico natural.<br \/>\nEla tamb\u00e9m pode ser chamada de caulim.<br \/>\nA subst\u00e2ncia \u00e9 resultado da decomposi\u00e7\u00e3o de rochas sedimentares s\u00edlico-alum\u00ednicas. Isso faz com que ela seja rica em alum\u00ednio, s\u00edlica, caulinita, mangan\u00eas e magn\u00e9sio.<\/p>\n<p>Descubra mais sobre argilas<a href=\"https:\/\/ceranegra.com.br\/wordpress\/argila\/\"> clicando aqui!<\/a><\/p>\n<h2>A argila branca tem um pH muito pr\u00f3ximo ao da pele e, por isso, \u00e9 a argila mais suave de todas.<\/h2>\n<p>Para que serve a argila branca ?<\/p>\n<p>A argila branca \u00e9 usada em tratamentos de beleza e bem-estar para melhorar o aspecto da pele e dos cabelos. Entre os usos mais comuns, est\u00e3o o de clarear manchas, hidratar a pele e purificar o couro cabeludo.<\/p>\n<h2>Como preparar m\u00e1scara de argila branca<\/h2>\n<p>Ao preparar o <strong>cosm\u00e9tico para o rosto<\/strong>, voc\u00ea vai precisar adicionar<\/p>\n<ul>\n<li>1 colher de argila branca em p\u00f3<\/li>\n<\/ul>\n<p>E um pouco das seguintes solu\u00e7\u00f5es l\u00edquidas:<\/p>\n<ul>\n<li>\u00c1gua mineral<\/li>\n<li>Soro fisiol\u00f3gico<\/li>\n<li>\u00c1gua termal<\/li>\n<li>Lo\u00e7\u00e3o hidratante neutra<\/li>\n<\/ul>\n<p>Misture at\u00e9 obter um ponto em que o creme n\u00e3o escorra pela pele.<\/p>\n<p>Dica: &#8220;Voc\u00ea pode tamb\u00e9m incluir algumas gotinhas de \u00f3leos essenciais, \u00f3leo de argan, ampolas de vitaminas, entre outros ativos, de acordo com a necessidade da pele ou cabelo&#8221;<\/p>\n","protected":false},"excerpt":{"rendered":"<h2>Benef\u00edcios da argila branca para a pele do rosto<\/h2>\n<p>Usar argila branca no rosto \u00e9 um jeito de cuidar da pele de forma natural. Ela \u00e9 indicada para peles normais, mistas, oleosas e at\u00e9 as acneicas. Veja os benef\u00edcios da argila branca para o rosto:<\/p>\n<ul>\n<li><strong>Clareia manchas<\/strong>: ela atua como um peeling superficial, promovendo renova\u00e7\u00e3o das c\u00e9lulas do rosto que est\u00e3o tornando a pele mais pigmentada<\/li>\n<li><strong>Remove cicatrizes<\/strong> j\u00e1 formadas<\/li>\n<li><strong>Revitaliza<\/strong> a pele<\/li>\n<li><strong>Funciona como um esfoliante<\/strong>: por causa de seus gr\u00e3os, a argila branca remove as impurezas sem agredir a pele<\/li>\n<li>Ajuda a fazer uma <strong>limpeza profunda dos poros<\/strong><\/li>\n<li><strong>Prepara a pele<\/strong> para receber um tratamento revitalizador<\/li>\n<li><strong>Absorve a oleosidade<\/strong> sem ressecar<\/li>\n<li><strong>Hidrata<\/strong><\/li>\n<li><strong>Cicatriza a acne <\/strong>j\u00e1 formada<\/li>\n<li>Tem <strong>a\u00e7\u00e3o calmante<\/strong><\/li>\n<li>Tem <strong>a\u00e7\u00e3o anti-inflamat\u00f3ria<\/strong><\/li>\n<\/ul>\n<p style=\"text-align: left;\"><img fetchpriority=\"high\" decoding=\"async\" class=\"size-full wp-image-3524 alignnone alignleft\" src=\"https:\/\/ceranegra.com.br\/wordpress\/wp-content\/uploads\/2021\/08\/argila5.jpg\" alt=\"Argila Branca\" width=\"225\" height=\"225\" srcset=\"https:\/\/i0.wp.com\/ceranegra.com.br\/wordpress\/wp-content\/uploads\/2021\/08\/argila5.jpg?w=225&amp;ssl=1 225w, https:\/\/i0.wp.com\/ceranegra.com.br\/wordpress\/wp-content\/uploads\/2021\/08\/argila5.jpg?resize=150%2C150&amp;ssl=1 150w, https:\/\/i0.wp.com\/ceranegra.com.br\/wordpress\/wp-content\/uploads\/2021\/08\/argila5.jpg?resize=50%2C50&amp;ssl=1 50w, https:\/\/i0.wp.com\/ceranegra.com.br\/wordpress\/wp-content\/uploads\/2021\/08\/argila5.jpg?resize=100%2C100&amp;ssl=1 100w\" sizes=\"(max-width: 225px) 100vw, 225px\" \/>Validade: 3 anos da data de fabrica\u00e7\u00e3o<br \/>\nPeso: 500gr<br \/>\nOrigem: Natural do Nordeste do Brasil<br \/>\nEAN: 7898994824237<\/p>\n","protected":false},"featured_media":3601,"comment_status":"open","ping_status":"closed","template":"","meta":[],"product_brand":[],"product_cat":[57],"product_tag":[58],"class_list":{"0":"post-3600","1":"product","2":"type-product","3":"status-publish","4":"has-post-thumbnail","6":"product_cat-argila","7":"product_tag-argila","9":"first","10":"outofstock","11":"sale","12":"purchasable","13":"product-type-simple"},"wppr_data":{"cwp_meta_box_check":"No"},"jetpack_sharing_enabled":true,"_links":{"self":[{"href":"https:\/\/ceranegra.com.br\/wordpress\/wp-json\/wp\/v2\/product\/3600","targetHints":{"allow":["GET"]}}],"collection":[{"href":"https:\/\/ceranegra.com.br\/wordpress\/wp-json\/wp\/v2\/product"}],"about":[{"href":"https:\/\/ceranegra.com.br\/wordpress\/wp-json\/wp\/v2\/types\/product"}],"replies":[{"embeddable":true,"href":"https:\/\/ceranegra.com.br\/wordpress\/wp-json\/wp\/v2\/comments?post=3600"}],"wp:featuredmedia":[{"embeddable":true,"href":"https:\/\/ceranegra.com.br\/wordpress\/wp-json\/wp\/v2\/media\/3601"}],"wp:attachment":[{"href":"https:\/\/ceranegra.com.br\/wordpress\/wp-json\/wp\/v2\/media?parent=3600"}],"wp:term":[{"taxonomy":"product_brand","embeddable":true,"href":"https:\/\/ceranegra.com.br\/wordpress\/wp-json\/wp\/v2\/product_brand?post=3600"},{"taxonomy":"product_cat","embeddable":true,"href":"https:\/\/ceranegra.com.br\/wordpress\/wp-json\/wp\/v2\/product_cat?post=3600"},{"taxonomy":"product_tag","embeddable":true,"href":"https:\/\/ceranegra.com.br\/wordpress\/wp-json\/wp\/v2\/product_tag?post=3600"}],"curies":[{"name":"wp","href":"https:\/\/api.w.org\/{rel}","templated":true}]}}