{"id":4849,"date":"2024-05-13T14:57:27","date_gmt":"2024-05-13T17:57:27","guid":{"rendered":"https:\/\/ceranegra.com.br\/wordpress\/?post_type=product&#038;p=4849"},"modified":"2025-09-29T22:40:03","modified_gmt":"2025-09-30T01:40:03","slug":"melpuro","status":"publish","type":"product","link":"https:\/\/ceranegra.com.br\/wordpress\/produto\/melpuro\/","title":{"rendered":"Mel Puro Silvestre 340gr"},"content":{"rendered":"<p><b>Florada Silvestre 100% puro<br \/>\ncoletado em mata livre de agrot\u00f3xicos<em> com certificado de Org\u00e2nico atestado pelo Jap\u00e3o.<br \/>\n<\/em><br \/>\n<\/b>O mel Kindy \u00e9 uma divis\u00e3o da Api\u00e1rios Adams, empresa atuante desde 1984,<br \/>\nrespeitando os mais rigorosos controles de qualidades desde a colm\u00e9ia at\u00e9 o<br \/>\nconsumidor, m\u00e9is de qualidade produzido da apicultura familiar. A do\u00e7ura equilibrada<br \/>\ne a cremosidade intensa revelam ineg\u00e1vel potencial gastron\u00f4mico. Comer com p\u00e3o,<br \/>\ncom sorvete, na salada, para ado\u00e7ar o chocolate quente, s\u00e3o in\u00fameras as<br \/>\npossibilidades.<br \/>\nN\u00c3O CONT\u00c9M GLUTEN<br \/>\nMEL ORG\u00c2NICO<\/p>\n<p>Certificado de Mel Org\u00e2nico por KIWA BCS \u00d6KO GARANTIE DO BRASIL &#8211; Certificado n\u00famero: BR-23006 &#8211; C\u00f3digo de registro: BR-108\/RS<\/p>\n<p>Certificado Internacional de Pureza por NSF &#8211; CERTIFICATE OF CORFORMITY TRUE SOURCE CERTIFIED &#8211; Confirmation Number: CO354706<\/p>\n<p>Certificado FoodChain ID\u00a9 Non-GMO Global Standard For Traceability and Identity Preservation<\/p>\n<p>Florada: Silvestre<br \/>\nMarca: KINDY<br \/>\nRegi\u00e3o do Api\u00e1rio: \/ Rio Grande do Sul \/ Brasil<br \/>\nRegistro no Minist\u00e9rio da Agricultura 1325<\/p>\n<p>Embalagem: 340g \u2013 Bisnaga Pl\u00e1stica c\/ dosador + Tampa c\/ Lacre de Seguran\u00e7a<\/p>\n<p>O mel silvestre ajuda no tratamento das vias respirat\u00f3rias, combate aos radicais livres, fortalece o sistema imunol\u00f3gico, melhora a capacidade digestiva, alivia a pris\u00e3o de ventre e tem componentes com fun\u00e7\u00e3o calmante. \u00c9 riqu\u00edssimo em minerais.<\/p>\n<p>O Mel Kindy \u00e9 exportado para v\u00e1rios pa\u00edses e possue Certificado de Pureza.<\/p>\n<p><b>Prazo de validade: 12 mesess<\/b><\/p>\n","protected":false},"excerpt":{"rendered":"<h4>Registro no Minist\u00e9rio da Agricultura SIF 1325<\/h4>\n<table class=\"andes-table\">\n<tbody class=\"andes-table__body\">\n<tr class=\"andes-table__row ui-vpp-striped-specs__row\">\n<th class=\"andes-table__header andes-table__header--left ui-vpp-striped-specs__row__column ui-vpp-striped-specs__row__column--id\" scope=\"col\">\n<div class=\"andes-table__header__container\">N\u00famero de registro de produto no MAPA<\/div>\n<\/th>\n<td id=\":Rafpit6l9im:\" class=\"andes-table__column andes-table__column--left andes-table__column--vertical-align-center ui-vpp-striped-specs__row__column\" title=\"0031\/1325\"><span class=\"andes-table__column--value\">0031\/1325<\/span><\/td>\n<\/tr>\n<\/tbody>\n<\/table>\n<p>\u00danico mel do Brasil coletado diretamente de matas livres de contaminantes atestado pelos principais \u00f3rg\u00e3os Mundiais de controle de qualidade de mel, possuindo as certifica\u00e7\u00f5es:<\/p>\n<p>Certificado de Mel Org\u00e2nico por KIWA BCS \u00d6KO GARANTIE DO BRASIL &#8211; Certificado n\u00famero: BR-23006 &#8211; C\u00f3digo de registro: BR-108\/RS<\/p>\n<p>Certificado Internacional de Pureza por NSF &#8211; CERTIFICATE OF CORFORMITY TRUE SOURCE CERTIFIED &#8211; Confirmation Number: CO354706<\/p>\n<p>Certificado FoodChain ID\u00a9 Non-GMO Global Standard For Traceability and Identity Preservation<\/p>\n<p><em><strong>Obs.: a disponibilidade deste mel \u00e9 sazonal conforme as floradas das matas e condi\u00e7\u00f5es <a class=\"gL9Hy\" href=\"https:\/\/www.google.com.br\/search?sca_esv=4771c1dce5b9df5f&amp;sxsrf=ADLYWILWxWF7_9fxakjtSqGhkc49kefK3Q:1715623875866&amp;q=meteorol%C3%B3gicas&amp;spell=1&amp;sa=X&amp;ved=2ahUKEwjcgcH9nIuGAxUiqZUCHY3VAksQBSgAegQICBAB\">meteorol\u00f3gicas<\/a><\/strong><\/em><\/p>\n","protected":false},"featured_media":4852,"comment_status":"open","ping_status":"closed","template":"","meta":[],"product_brand":[],"product_cat":[60],"product_tag":[61],"class_list":{"0":"post-4849","1":"product","2":"type-product","3":"status-publish","4":"has-post-thumbnail","6":"product_cat-apicola","7":"product_tag-mel-organico","9":"first","10":"instock","11":"sale","12":"shipping-taxable","13":"purchasable","14":"product-type-simple"},"wppr_data":{"cwp_meta_box_check":"No"},"jetpack_sharing_enabled":true,"_links":{"self":[{"href":"https:\/\/ceranegra.com.br\/wordpress\/wp-json\/wp\/v2\/product\/4849","targetHints":{"allow":["GET"]}}],"collection":[{"href":"https:\/\/ceranegra.com.br\/wordpress\/wp-json\/wp\/v2\/product"}],"about":[{"href":"https:\/\/ceranegra.com.br\/wordpress\/wp-json\/wp\/v2\/types\/product"}],"replies":[{"embeddable":true,"href":"https:\/\/ceranegra.com.br\/wordpress\/wp-json\/wp\/v2\/comments?post=4849"}],"wp:featuredmedia":[{"embeddable":true,"href":"https:\/\/ceranegra.com.br\/wordpress\/wp-json\/wp\/v2\/media\/4852"}],"wp:attachment":[{"href":"https:\/\/ceranegra.com.br\/wordpress\/wp-json\/wp\/v2\/media?parent=4849"}],"wp:term":[{"taxonomy":"product_brand","embeddable":true,"href":"https:\/\/ceranegra.com.br\/wordpress\/wp-json\/wp\/v2\/product_brand?post=4849"},{"taxonomy":"product_cat","embeddable":true,"href":"https:\/\/ceranegra.com.br\/wordpress\/wp-json\/wp\/v2\/product_cat?post=4849"},{"taxonomy":"product_tag","embeddable":true,"href":"https:\/\/ceranegra.com.br\/wordpress\/wp-json\/wp\/v2\/product_tag?post=4849"}],"curies":[{"name":"wp","href":"https:\/\/api.w.org\/{rel}","templated":true}]}}