{"id":55,"date":"2017-10-14T17:36:14","date_gmt":"2017-10-14T20:36:14","guid":{"rendered":"http:\/\/ceranegra.com.br\/wordpress\/?p=55"},"modified":"2026-01-19T17:56:18","modified_gmt":"2026-01-19T20:56:18","slug":"refil-mel","status":"publish","type":"product","link":"https:\/\/ceranegra.com.br\/wordpress\/produto\/refil-mel\/","title":{"rendered":"50 Refil Roll On Mel"},"content":{"rendered":"<p>O refil Roll On da Cera Eg\u00edpcia, possui uma Textura ultra-fina conferindo a cera um alto rendimento, por possuir o extrato de pr\u00f3polis rico em flavonoides, juntamente com alguns tipos de \u00e1cidos tamb\u00e9m presentes no pr\u00f3polis, ataca a parede celular das bact\u00e9rias presentes na pele e abalam sua estrutura e funcionamento, impedindo sua multiplica\u00e7\u00e3o o que ajuda a eliminar aquele efeito esbranqui\u00e7ado e descamado o qual ocorre na pele de muitas mulheres, especialmente na \u00e1rea da canela.<\/p>\n<p>O <span class=\"Apple-style-span\">pr\u00f3polis<\/span>, combinado com a resina vegetal, pode ser eficaz contra alguns tipos de fungos. Um exemplo do seu potencial \u00e9 sua a\u00e7\u00e3o contra <i>Trichophyton<\/i> e <i>Microsporum<\/i> (causadores de manchas na pele).<\/p>\n<p>Recomenda\u00e7\u00f5es:<br \/>\nOs p\u00ealos devem ter no m\u00ednimo 1 cm de comprimento para fazer a depila\u00e7\u00e3o.<\/p>\n<p>Indicada para todos os tipos de pele.<br \/>\nN\u00e3o cristaliza.<br \/>\nMaior Ader\u00eancia aos P\u00ealos.<br \/>\nRemove at\u00e9 os p\u00ealos mais resistentes.<\/p>\n<p>Conte\u00fado:<br \/>\n50 refis de 100g cada<br \/>\n<em>validade: 3 anos<\/em><\/p>\n<p><strong><span style=\"color: orange;\">Aproveite a promo\u00e7\u00e3o ! Tempo indeterminado!<\/span><\/strong><\/p>\n","protected":false},"excerpt":{"rendered":"<p>&nbsp;<\/p>\n<p>Com f\u00f3rmula exclusiva composta de resina vegetal combinada com as propriedades do pr\u00f3polis, conferem a cera uma textura ultra-fina que aumenta o rendimento da cera, n\u00e3o \u201cencharca\u201d o papel com a cera, retira os p\u00ealos com uma \u00fanica aplica\u00e7\u00e3o, evitando o surgimento de vasos e hematomas que muitas vezes ocorrem com outras ceras do sistema rollon.<br \/>\nSua textura permite que os p\u00ealos transpassem a cera aumentando a ader\u00eancia facilitando a retirada dos p\u00ealos.<\/p>\n<p>Embalagem indicada para uso profissional.<br \/>\nCont\u00e9m 50 unidades de 100gr.<\/p>\n<p>&nbsp;<\/p>\n","protected":false},"featured_media":1251,"comment_status":"open","ping_status":"closed","template":"","meta":[],"product_brand":[],"product_cat":[27],"product_tag":[32],"class_list":{"0":"post-55","1":"product","2":"type-product","3":"status-publish","4":"has-post-thumbnail","6":"product_cat-cera-rollon","7":"product_tag-refil-rollon-mel","9":"first","10":"instock","11":"taxable","12":"shipping-taxable","13":"purchasable","14":"product-type-simple"},"wppr_data":{"cwp_meta_box_check":"No"},"jetpack_sharing_enabled":true,"_links":{"self":[{"href":"https:\/\/ceranegra.com.br\/wordpress\/wp-json\/wp\/v2\/product\/55","targetHints":{"allow":["GET"]}}],"collection":[{"href":"https:\/\/ceranegra.com.br\/wordpress\/wp-json\/wp\/v2\/product"}],"about":[{"href":"https:\/\/ceranegra.com.br\/wordpress\/wp-json\/wp\/v2\/types\/product"}],"replies":[{"embeddable":true,"href":"https:\/\/ceranegra.com.br\/wordpress\/wp-json\/wp\/v2\/comments?post=55"}],"wp:featuredmedia":[{"embeddable":true,"href":"https:\/\/ceranegra.com.br\/wordpress\/wp-json\/wp\/v2\/media\/1251"}],"wp:attachment":[{"href":"https:\/\/ceranegra.com.br\/wordpress\/wp-json\/wp\/v2\/media?parent=55"}],"wp:term":[{"taxonomy":"product_brand","embeddable":true,"href":"https:\/\/ceranegra.com.br\/wordpress\/wp-json\/wp\/v2\/product_brand?post=55"},{"taxonomy":"product_cat","embeddable":true,"href":"https:\/\/ceranegra.com.br\/wordpress\/wp-json\/wp\/v2\/product_cat?post=55"},{"taxonomy":"product_tag","embeddable":true,"href":"https:\/\/ceranegra.com.br\/wordpress\/wp-json\/wp\/v2\/product_tag?post=55"}],"curies":[{"name":"wp","href":"https:\/\/api.w.org\/{rel}","templated":true}]}}