{"id":57,"date":"2017-10-14T17:36:14","date_gmt":"2017-10-14T20:36:14","guid":{"rendered":"http:\/\/ceranegra.com.br\/wordpress\/?p=57"},"modified":"2025-09-29T22:57:57","modified_gmt":"2025-09-30T01:57:57","slug":"refil-aloe","status":"publish","type":"product","link":"https:\/\/ceranegra.com.br\/wordpress\/produto\/refil-aloe\/","title":{"rendered":"50 Refil Roll On Aloevera"},"content":{"rendered":"<p>Com f\u00f3rmula exclusiva composta de resina vegetal combinada com as propriedades da aloe vera conferem a cera uma textura que ajuda a dilatar os poros reduzindo o processo dolor no processo depilat\u00f3rio.<br \/>\nPossui propriedades refrescantes aliviando a sensa\u00e7\u00e3o do calor liberado pela cera, ainda ajuda a inibir poss\u00edveis inflama\u00e7\u00f5es dos fol\u00edculos pilosos.<\/p>\n<p>Recomenda\u00e7\u00f5es:<br \/>\nOs p\u00ealos devem ter no m\u00ednimo 1 cm de comprimento para fazer a depila\u00e7\u00e3o.<\/p>\n<p>Indicada para todos os tipos de pele.<br \/>\nN\u00e3o cristaliza.<br \/>\nMaior dilata\u00e7\u00e3o dos Poros.<br \/>\nAlto rendimento.<br \/>\nConte\u00fado: 100 g.<br \/>\n<em>Validade: 3 anos.<\/em><\/p>\n","protected":false},"excerpt":{"rendered":"<p>&nbsp;<\/p>\n<p>Cera Roll on Aloe Vera Possui uma Textura ultra-fina trazendo um alto rendimento, n\u00e3o &#8220;encharca&#8221; o papel com a cera, retira os p\u00ealos com uma \u00fanica aplica\u00e7\u00e3o, evitando o surgimento de vasos e hematomas que muitas vezes ocorrem com outras ceras do sistema rollon.<br \/>\nSua textura permite que os p\u00ealos transpassem a cera aumentando a ader\u00eancia facilitando a retirada dos p\u00ealos.<br \/>\nEmbalagem indicada para uso profissional.<br \/>\nCont\u00e9m 50 unidades de 100gr.<\/p>\n","protected":false},"featured_media":1218,"comment_status":"open","ping_status":"closed","template":"","meta":[],"product_brand":[],"product_cat":[27],"product_tag":[],"class_list":{"0":"post-57","1":"product","2":"type-product","3":"status-publish","4":"has-post-thumbnail","6":"product_cat-cera-rollon","8":"first","9":"instock","10":"taxable","11":"shipping-taxable","12":"purchasable","13":"product-type-simple"},"wppr_data":{"cwp_meta_box_check":"No"},"jetpack_sharing_enabled":true,"_links":{"self":[{"href":"https:\/\/ceranegra.com.br\/wordpress\/wp-json\/wp\/v2\/product\/57","targetHints":{"allow":["GET"]}}],"collection":[{"href":"https:\/\/ceranegra.com.br\/wordpress\/wp-json\/wp\/v2\/product"}],"about":[{"href":"https:\/\/ceranegra.com.br\/wordpress\/wp-json\/wp\/v2\/types\/product"}],"replies":[{"embeddable":true,"href":"https:\/\/ceranegra.com.br\/wordpress\/wp-json\/wp\/v2\/comments?post=57"}],"wp:featuredmedia":[{"embeddable":true,"href":"https:\/\/ceranegra.com.br\/wordpress\/wp-json\/wp\/v2\/media\/1218"}],"wp:attachment":[{"href":"https:\/\/ceranegra.com.br\/wordpress\/wp-json\/wp\/v2\/media?parent=57"}],"wp:term":[{"taxonomy":"product_brand","embeddable":true,"href":"https:\/\/ceranegra.com.br\/wordpress\/wp-json\/wp\/v2\/product_brand?post=57"},{"taxonomy":"product_cat","embeddable":true,"href":"https:\/\/ceranegra.com.br\/wordpress\/wp-json\/wp\/v2\/product_cat?post=57"},{"taxonomy":"product_tag","embeddable":true,"href":"https:\/\/ceranegra.com.br\/wordpress\/wp-json\/wp\/v2\/product_tag?post=57"}],"curies":[{"name":"wp","href":"https:\/\/api.w.org\/{rel}","templated":true}]}}