{"id":58,"date":"2017-10-14T17:36:15","date_gmt":"2017-10-14T20:36:15","guid":{"rendered":"http:\/\/ceranegra.com.br\/wordpress\/?p=58"},"modified":"2022-12-10T19:12:26","modified_gmt":"2022-12-10T22:12:26","slug":"espatula","status":"publish","type":"product","link":"https:\/\/ceranegra.com.br\/wordpress\/produto\/espatula\/","title":{"rendered":"Esp\u00e1tula de Inox"},"content":{"rendered":"<p>A espatula de inox em a\u00e7o inox 304, \u00e9 a melhor op\u00e7\u00e3o em rela\u00e7\u00e3o \u00e0 esteriliza\u00e7\u00e3o, principalmente quando comparada a materiais como: esp\u00e1tulas de madeira, pl\u00e1stico, e pinceis, os quais s\u00e3o passiveis a plorifera\u00e7\u00e3o de bact\u00e9rias e fungos.<br \/>\nEvite constrangimentos com clientes e autoridades sanit\u00e1rias, regularize-se com o uso adequado dos materiais descart\u00e1veis e procure o quanto antes utilizar-se de produtos de a\u00e7o inox 304 aprovados pela Vigil\u00e2ncia Sanit\u00e1ria os quais s\u00e3o recomendados para esteriliza\u00e7\u00e3o.<\/p>\n","protected":false},"excerpt":{"rendered":"<p>Espatula de Inox fabricada com a\u00e7o inox 304, possui alta resist\u00eancia, n\u00e3o oxida e n\u00e3o absorve calor. Sendo estereliz\u00e1vel \u00e9 de f\u00e1cil limpeza, permite espalhar a cera de forma r\u00e1pida.<br \/>\nPor possuir bordas arredondadas projetadas especialmente para melhorar o deslize da cera sobre a pele, ajuda a depiladora aplicar camadas mais finas de cera sem que as bordas se desfa\u00e7am, aumentando assim o rendimento da cera e otimizando o trabalho e tempo da depiladora.<br \/>\nA esp\u00e1tula de inox \u00e9 altamente recomendada por todas as autoridades Sanit\u00e1rias do Brasil.<\/p>\n","protected":false},"featured_media":1214,"comment_status":"open","ping_status":"closed","template":"","meta":[],"product_brand":[],"product_cat":[17],"product_tag":[],"class_list":{"0":"post-58","1":"product","2":"type-product","3":"status-publish","4":"has-post-thumbnail","6":"product_cat-utensilios","8":"first","9":"instock","10":"sale","11":"featured","12":"taxable","13":"shipping-taxable","14":"purchasable","15":"product-type-simple"},"wppr_data":{"cwp_meta_box_check":"No"},"jetpack_sharing_enabled":true,"_links":{"self":[{"href":"https:\/\/ceranegra.com.br\/wordpress\/wp-json\/wp\/v2\/product\/58","targetHints":{"allow":["GET"]}}],"collection":[{"href":"https:\/\/ceranegra.com.br\/wordpress\/wp-json\/wp\/v2\/product"}],"about":[{"href":"https:\/\/ceranegra.com.br\/wordpress\/wp-json\/wp\/v2\/types\/product"}],"replies":[{"embeddable":true,"href":"https:\/\/ceranegra.com.br\/wordpress\/wp-json\/wp\/v2\/comments?post=58"}],"wp:featuredmedia":[{"embeddable":true,"href":"https:\/\/ceranegra.com.br\/wordpress\/wp-json\/wp\/v2\/media\/1214"}],"wp:attachment":[{"href":"https:\/\/ceranegra.com.br\/wordpress\/wp-json\/wp\/v2\/media?parent=58"}],"wp:term":[{"taxonomy":"product_brand","embeddable":true,"href":"https:\/\/ceranegra.com.br\/wordpress\/wp-json\/wp\/v2\/product_brand?post=58"},{"taxonomy":"product_cat","embeddable":true,"href":"https:\/\/ceranegra.com.br\/wordpress\/wp-json\/wp\/v2\/product_cat?post=58"},{"taxonomy":"product_tag","embeddable":true,"href":"https:\/\/ceranegra.com.br\/wordpress\/wp-json\/wp\/v2\/product_tag?post=58"}],"curies":[{"name":"wp","href":"https:\/\/api.w.org\/{rel}","templated":true}]}}