{"id":60,"date":"2017-10-14T17:36:15","date_gmt":"2017-10-14T20:36:15","guid":{"rendered":"http:\/\/ceranegra.com.br\/wordpress\/?p=60"},"modified":"2025-09-29T22:50:49","modified_gmt":"2025-09-30T01:50:49","slug":"maracuja","status":"publish","type":"product","link":"https:\/\/ceranegra.com.br\/wordpress\/produto\/maracuja\/","title":{"rendered":"Cera de Maracuj\u00e1 500gr"},"content":{"rendered":"<p>Propriedades<br \/>\nPor conter \u00f3leo de semente de maracuj\u00e1, rico em vitamina C, vitaminas do complexo B, B1 e B2, ferro, c\u00e1lcio, f\u00f3sforo contribui essencialmente para o rejuvescimento da pele. Possui ainda poder calmante para o sistema nervoso, por ter uma subst\u00e2ncia chamada passiflorina, um agente sedativo n\u00e3o prejudicial \u00e0 sa\u00fade, tem a propriedade de amolecer os tecidos, atenuar as inflama\u00e7\u00f5es, os incha\u00e7os e as queimaduras, aliviar as dores e curar feridas, al\u00e9m de hidratar a pele retomando a oleosidade perdida pelo ressecamento pelo uso gilete e produtos alco\u00f3licos. O \u00f3leo de semente de maracuj\u00e1 possui propriedades ativadoras para pele e inibe o aparecimento de micoses e outras inflama\u00e7\u00f5es, p\u00ealos encravados e o nascimento de mais de um fio em um mesmo bulbo.<br \/>\nQuando a cera de maracuj\u00e1 for aplicada aguarde cerca de 2 a 3 minutos para que o \u00f3leo possa ser absorvido pela pele durante a vaso-dilata\u00e7\u00e3o promovida pela cera quente, assim voc\u00ea ter\u00e1 um resultado muito melhor para sua pele e depila\u00e7\u00e3o.<\/p>\n<p>Validade de 3 anos.<\/p>\n","protected":false},"excerpt":{"rendered":"<p>&nbsp;<\/p>\n<p>Sua retirada da pele \u00e9 feita com a pr\u00f3pria cera (Sistema Espanhol), ideal para qualquer parte do corpo, por ser uma cera emoliente n\u00e3o agride a pele durante a depila\u00e7\u00e3o. Confere a pele suavidade e hidrata\u00e7\u00e3o.<br \/>\nO \u00f3leo de maracuj\u00e1 cont\u00e9m vitamina A e C, vitaminas do complexo B, al\u00e9m de ser rico em minerais como c\u00e1lcio, f\u00f3sforo e ferro. Podemos encontrar os \u00f4megas 3, 6 e 9 em grande quantidade no \u00f3leo vegetal de maracuj\u00e1, em especial um alto teor de \u00e1cido linol\u00e9nico (fam\u00edlia do \u00f4mega 6), que auxilia na restaura\u00e7\u00e3o da camada lip\u00eddica da pele evitando o aparecimento de p\u00ealos encravados e foliculite.<\/p>\n","protected":false},"featured_media":1106,"comment_status":"open","ping_status":"closed","template":"","meta":[],"product_brand":[],"product_cat":[25],"product_tag":[29],"class_list":{"0":"post-60","1":"product","2":"type-product","3":"status-publish","4":"has-post-thumbnail","6":"product_cat-cera-elastica","7":"product_tag-cera-de-maracuja","9":"first","10":"instock","11":"shipping-taxable","12":"purchasable","13":"product-type-simple"},"wppr_data":{"cwp_meta_box_check":"No"},"jetpack_sharing_enabled":true,"_links":{"self":[{"href":"https:\/\/ceranegra.com.br\/wordpress\/wp-json\/wp\/v2\/product\/60","targetHints":{"allow":["GET"]}}],"collection":[{"href":"https:\/\/ceranegra.com.br\/wordpress\/wp-json\/wp\/v2\/product"}],"about":[{"href":"https:\/\/ceranegra.com.br\/wordpress\/wp-json\/wp\/v2\/types\/product"}],"replies":[{"embeddable":true,"href":"https:\/\/ceranegra.com.br\/wordpress\/wp-json\/wp\/v2\/comments?post=60"}],"wp:featuredmedia":[{"embeddable":true,"href":"https:\/\/ceranegra.com.br\/wordpress\/wp-json\/wp\/v2\/media\/1106"}],"wp:attachment":[{"href":"https:\/\/ceranegra.com.br\/wordpress\/wp-json\/wp\/v2\/media?parent=60"}],"wp:term":[{"taxonomy":"product_brand","embeddable":true,"href":"https:\/\/ceranegra.com.br\/wordpress\/wp-json\/wp\/v2\/product_brand?post=60"},{"taxonomy":"product_cat","embeddable":true,"href":"https:\/\/ceranegra.com.br\/wordpress\/wp-json\/wp\/v2\/product_cat?post=60"},{"taxonomy":"product_tag","embeddable":true,"href":"https:\/\/ceranegra.com.br\/wordpress\/wp-json\/wp\/v2\/product_tag?post=60"}],"curies":[{"name":"wp","href":"https:\/\/api.w.org\/{rel}","templated":true}]}}