{"id":61,"date":"2017-10-14T17:36:15","date_gmt":"2017-10-14T20:36:15","guid":{"rendered":"http:\/\/ceranegra.com.br\/wordpress\/?p=61"},"modified":"2025-09-29T22:51:29","modified_gmt":"2025-09-30T01:51:29","slug":"pitanga","status":"publish","type":"product","link":"https:\/\/ceranegra.com.br\/wordpress\/produto\/pitanga\/","title":{"rendered":"Cera de Pitanga 500gr"},"content":{"rendered":"<p>Os benef\u00edcios da cera de pitanga s\u00e3o sentidos com ao longo do uso, pois a vitamina A presente na pitanga \u00e9 capaz de neutralizar a a\u00e7\u00e3o de radicais livres, tendo uma a\u00e7\u00e3o anti-inflamat\u00f3ria e regenerativa, melhorando a consist\u00eancia e a elasticidade da pele. O extrato de pitanga tamb\u00e9m se mostrou muito eficiente no controle de rugas e prolifera\u00e7\u00e3o de acne quando utilizada em depila\u00e7\u00e3o facial.<\/p>\n<p>PRINC\u00cdPIOS ATIVOS<br \/>\nA Pitanga \u00e9 rica em vitaminas A, B1, B2, B3 e C, sais minerais (ferro, c\u00e1lcio e f\u00f3sforo), prote\u00ednas, possui alfa hidroxi\u00e1cidos (c\u00edtrico e m\u00e1lico).<\/p>\n<p>PROPRIEDADES<br \/>\nO extrato de Pitanga possui propriedades: remineralizante, hidratante e suavizante devido aos glic\u00eddios, sais minerais, prote\u00ednas e vitaminas presentes. Tamb\u00e9m possui propriedade antioxidante obtida pelo \u00e1cido asc\u00f3rbico e renovadora celular atrav\u00e9s da a\u00e7\u00e3o dos AHA?s.<\/p>\n<p>Prazo de validade: 3 anos<\/p>\n<p>&nbsp;<\/p>\n","protected":false},"excerpt":{"rendered":"<p>&nbsp;<\/p>\n<p>Cera com extrato de pitanga, o qual possui propriedades adstringentes, adere melhor nos p\u00ealos, n\u00e3o deixa a oleosidade da pele atrapalhar a remo\u00e7\u00e3o dos p\u00ealos.<br \/>\nO processo de retirada \u00e9 o do sistema Espanhol, ideal para quem sofre com a depila\u00e7\u00e3o por ter a pele muito oleosa.<\/p>\n<p>Por conter extrato de pitanga grande fonte de vitamina C, c\u00e1lcio, f\u00f3sforo, l\u00e1tex natural e licopeno contribui para o retardo do aparecimento de rugas precoces e aumenta o n\u00edvel de prote\u00e7\u00e3o da pele contra a\u00e7\u00e3o solar. Possui ainda propriedades adstringentes e promove agrad\u00e1vel sensa\u00e7\u00e3o de frescor.<\/p>\n<p>&nbsp;<\/p>\n","protected":false},"featured_media":1101,"comment_status":"open","ping_status":"closed","template":"","meta":[],"product_brand":[],"product_cat":[25],"product_tag":[],"class_list":{"0":"post-61","1":"product","2":"type-product","3":"status-publish","4":"has-post-thumbnail","6":"product_cat-cera-elastica","8":"first","9":"instock","10":"shipping-taxable","11":"purchasable","12":"product-type-simple"},"wppr_data":{"cwp_meta_box_check":"No"},"jetpack_sharing_enabled":true,"_links":{"self":[{"href":"https:\/\/ceranegra.com.br\/wordpress\/wp-json\/wp\/v2\/product\/61","targetHints":{"allow":["GET"]}}],"collection":[{"href":"https:\/\/ceranegra.com.br\/wordpress\/wp-json\/wp\/v2\/product"}],"about":[{"href":"https:\/\/ceranegra.com.br\/wordpress\/wp-json\/wp\/v2\/types\/product"}],"replies":[{"embeddable":true,"href":"https:\/\/ceranegra.com.br\/wordpress\/wp-json\/wp\/v2\/comments?post=61"}],"wp:featuredmedia":[{"embeddable":true,"href":"https:\/\/ceranegra.com.br\/wordpress\/wp-json\/wp\/v2\/media\/1101"}],"wp:attachment":[{"href":"https:\/\/ceranegra.com.br\/wordpress\/wp-json\/wp\/v2\/media?parent=61"}],"wp:term":[{"taxonomy":"product_brand","embeddable":true,"href":"https:\/\/ceranegra.com.br\/wordpress\/wp-json\/wp\/v2\/product_brand?post=61"},{"taxonomy":"product_cat","embeddable":true,"href":"https:\/\/ceranegra.com.br\/wordpress\/wp-json\/wp\/v2\/product_cat?post=61"},{"taxonomy":"product_tag","embeddable":true,"href":"https:\/\/ceranegra.com.br\/wordpress\/wp-json\/wp\/v2\/product_tag?post=61"}],"curies":[{"name":"wp","href":"https:\/\/api.w.org\/{rel}","templated":true}]}}