{"id":62,"date":"2017-10-14T17:36:15","date_gmt":"2017-10-14T20:36:15","guid":{"rendered":"http:\/\/ceranegra.com.br\/wordpress\/?p=62"},"modified":"2025-09-29T22:53:10","modified_gmt":"2025-09-30T01:53:10","slug":"ervadoce","status":"publish","type":"product","link":"https:\/\/ceranegra.com.br\/wordpress\/produto\/ervadoce\/","title":{"rendered":"Cera Erva-Doce"},"content":{"rendered":"<p>Composta com extrato de erva-doce e cera pura de abelhas, n\u00e3o resseca a pele, devido as propriedades da erva-doce rica em col\u00e1geno, a pele \u00e9 hidratada durante o processo depilat\u00f3rio.<br \/>\nSendo de f\u00e1cil aplica\u00e7\u00e3o permite uma depila\u00e7\u00e3o r\u00e1pida e segura.<br \/>\nPor ter uma textura diferenciada das ceras convencionais ela remove os p\u00ealos e c\u00e9lulas queratinizadas\u00a0 constitu\u00edda de c\u00e9lulas mortas, n\u00e3o aderindo na pele ativa, evitando assim vermelh\u00f5es e poss\u00edveis esfolia\u00e7\u00f5es que ocorrem no processo depilat\u00f3rio facial convencional.<br \/>\nDica:<br \/>\nAntes de come\u00e7ar, voc\u00ea precisa tratar a pele do seu rosto diferentemente de como trata as outras partes do corpo. Principalmente na depila\u00e7\u00e3o, j\u00e1 que a parte facial \u00e9 muito mais sens\u00edvel que as outras e tamb\u00e9m oferece muito mais risco de ficar manchada, dolorida e at\u00e9 fissurada.<br \/>\nPor esse motivo, \u00e9 muito importante tomar cuidado antes de depilar o rosto inteiro com uma t\u00e9cnica desconhecida. Voc\u00ea deve escolher o m\u00e9todo menos agressivo para a sua face, ou seja, procurar utilizar ceras de baixa fus\u00e3o, al\u00e9m de prestar aten\u00e7\u00e3o em detalhes ; como a temperatura da cera quente (deve estar morna), caso voc\u00ea escolha essa t\u00e9cnica.<\/p>\n<p><em>Validade 3 anos.<\/em><\/p>\n","protected":false},"excerpt":{"rendered":"<p>&nbsp;<\/p>\n<p>A cera facial de erva-doce possui o extrato natural de erva-doce, que \u00e9 uma excelente fonte de vitamina C e col\u00e1geno, que \u00e9 o sistema de sustenta\u00e7\u00e3o da pele. Esse nutriente \u00e9 essencial e funciona como um antioxidante que ajuda na preven\u00e7\u00e3o de danos causados pelo sol, polui\u00e7\u00e3o e fuma\u00e7a. Essa vitamina tamb\u00e9m promove a melhora do col\u00e1geno natural da pele ajudando a suavizar rugas e melhorar a textura da pele. Todos estes benef\u00edcios do extrato de erva-doce s\u00e3o melhores absorvidos pela pele quando associado a cera depilat\u00f3ria de baixa fus\u00e3o, pois a cera em temperatura de aplica\u00e7\u00e3o sobre a pele dilata os poros, facilitando a absor\u00e7\u00e3o do extrato pela pele trazendo \u00f3timos resultados.<\/p>\n<p>&nbsp;<\/p>\n","protected":false},"featured_media":954,"comment_status":"open","ping_status":"closed","template":"","meta":[],"product_brand":[],"product_cat":[19],"product_tag":[],"class_list":{"0":"post-62","1":"product","2":"type-product","3":"status-publish","4":"has-post-thumbnail","6":"product_cat-ceras-faciais","8":"first","9":"instock","10":"featured","11":"taxable","12":"shipping-taxable","13":"purchasable","14":"product-type-simple"},"wppr_data":{"cwp_meta_box_check":"No"},"jetpack_sharing_enabled":true,"_links":{"self":[{"href":"https:\/\/ceranegra.com.br\/wordpress\/wp-json\/wp\/v2\/product\/62","targetHints":{"allow":["GET"]}}],"collection":[{"href":"https:\/\/ceranegra.com.br\/wordpress\/wp-json\/wp\/v2\/product"}],"about":[{"href":"https:\/\/ceranegra.com.br\/wordpress\/wp-json\/wp\/v2\/types\/product"}],"replies":[{"embeddable":true,"href":"https:\/\/ceranegra.com.br\/wordpress\/wp-json\/wp\/v2\/comments?post=62"}],"wp:featuredmedia":[{"embeddable":true,"href":"https:\/\/ceranegra.com.br\/wordpress\/wp-json\/wp\/v2\/media\/954"}],"wp:attachment":[{"href":"https:\/\/ceranegra.com.br\/wordpress\/wp-json\/wp\/v2\/media?parent=62"}],"wp:term":[{"taxonomy":"product_brand","embeddable":true,"href":"https:\/\/ceranegra.com.br\/wordpress\/wp-json\/wp\/v2\/product_brand?post=62"},{"taxonomy":"product_cat","embeddable":true,"href":"https:\/\/ceranegra.com.br\/wordpress\/wp-json\/wp\/v2\/product_cat?post=62"},{"taxonomy":"product_tag","embeddable":true,"href":"https:\/\/ceranegra.com.br\/wordpress\/wp-json\/wp\/v2\/product_tag?post=62"}],"curies":[{"name":"wp","href":"https:\/\/api.w.org\/{rel}","templated":true}]}}