{"id":63,"date":"2017-10-14T17:36:15","date_gmt":"2017-10-14T20:36:15","guid":{"rendered":"http:\/\/ceranegra.com.br\/wordpress\/?p=63"},"modified":"2025-09-29T22:53:47","modified_gmt":"2025-09-30T01:53:47","slug":"camomila","status":"publish","type":"product","link":"https:\/\/ceranegra.com.br\/wordpress\/produto\/camomila\/","title":{"rendered":"Cera de Camomila"},"content":{"rendered":"<p>Feita a base de col\u00f4fonia, extrato de camomila e cera de abelhas, possui frag\u00e2ncia caracteristica.<br \/>\nA camomila tem propriedades que atuam nas c\u00e9lulas da pele dando-lhe mais brilho e retirando o aspecto seco e envelhecido. O extrato de camomila tem a\u00e7\u00e3o anti-inflamat\u00f3ria e ajuda a acalmar a pele e aliviar a vermelhid\u00e3o depois de se depilar.<\/p>\n<p>Quando a depila\u00e7\u00e3o \u00e9 realizada com ceras convencionais ocorre uma dermatite de contato irritativa, que desencadeia um processo inflamat\u00f3rio o qual leva alguns dias para desaparecer, j\u00e1 com a cera de camomila esta irrita\u00e7\u00e3o p\u00f3s-depila\u00e7\u00e3o \u00e9 inibida pela a\u00e7\u00e3o do extrato de camomila antecipando o efeito de suavidade da pele &#8220;depilada&#8221;.<\/p>\n","protected":false},"excerpt":{"rendered":"<p>&nbsp;<\/p>\n<p><strong>Cera Calmante<\/strong><br \/>\nSua retirada da pele \u00e9 feita com a pr\u00f3pria cera, devido a suas propriedades permite uma depila\u00e7\u00e3o suave e menos agressiva a pele.<br \/>\nEsta cera foi elaborada para amenizar o processo dolor que a pele sofre com a retirada da cera, pois com o extrato de camomila ela adere somente no p\u00ealo, sendo ideal para o ver\u00e3o.<\/p>\n<p>Propriedades<br \/>\nPor conter extrato de Camomila tem a\u00e7\u00e3o emoliente, cicatrizante, suavizante, lenitiva, refrescante, anti-inflamat\u00f3ria, descongestionante, protetora dos tecidos, anti-acn\u00eaica, filtrante das radia\u00e7\u00f5es solares e anti-alerg\u00eanica (para peles facilmente irrit\u00e1veis). Com estas caracter\u00edsticas leva a uma a\u00e7\u00e3o emoliente e protetora de peles secas e delicadas, previnindo o surgimento de rachaduras e descama\u00e7\u00f5es de peles.<\/p>\n","protected":false},"featured_media":940,"comment_status":"open","ping_status":"closed","template":"","meta":[],"product_brand":[],"product_cat":[25],"product_tag":[],"class_list":{"0":"post-63","1":"product","2":"type-product","3":"status-publish","4":"has-post-thumbnail","6":"product_cat-cera-elastica","8":"first","9":"instock","10":"taxable","11":"shipping-taxable","12":"purchasable","13":"product-type-simple"},"wppr_data":{"cwp_meta_box_check":"No"},"jetpack_sharing_enabled":true,"_links":{"self":[{"href":"https:\/\/ceranegra.com.br\/wordpress\/wp-json\/wp\/v2\/product\/63","targetHints":{"allow":["GET"]}}],"collection":[{"href":"https:\/\/ceranegra.com.br\/wordpress\/wp-json\/wp\/v2\/product"}],"about":[{"href":"https:\/\/ceranegra.com.br\/wordpress\/wp-json\/wp\/v2\/types\/product"}],"replies":[{"embeddable":true,"href":"https:\/\/ceranegra.com.br\/wordpress\/wp-json\/wp\/v2\/comments?post=63"}],"wp:featuredmedia":[{"embeddable":true,"href":"https:\/\/ceranegra.com.br\/wordpress\/wp-json\/wp\/v2\/media\/940"}],"wp:attachment":[{"href":"https:\/\/ceranegra.com.br\/wordpress\/wp-json\/wp\/v2\/media?parent=63"}],"wp:term":[{"taxonomy":"product_brand","embeddable":true,"href":"https:\/\/ceranegra.com.br\/wordpress\/wp-json\/wp\/v2\/product_brand?post=63"},{"taxonomy":"product_cat","embeddable":true,"href":"https:\/\/ceranegra.com.br\/wordpress\/wp-json\/wp\/v2\/product_cat?post=63"},{"taxonomy":"product_tag","embeddable":true,"href":"https:\/\/ceranegra.com.br\/wordpress\/wp-json\/wp\/v2\/product_tag?post=63"}],"curies":[{"name":"wp","href":"https:\/\/api.w.org\/{rel}","templated":true}]}}