{"id":64,"date":"2017-10-14T17:36:15","date_gmt":"2017-10-14T20:36:15","guid":{"rendered":"http:\/\/ceranegra.com.br\/wordpress\/?p=64"},"modified":"2025-09-29T22:54:31","modified_gmt":"2025-09-30T01:54:31","slug":"algas","status":"publish","type":"product","link":"https:\/\/ceranegra.com.br\/wordpress\/produto\/algas\/","title":{"rendered":"Cera de Algas 500gr"},"content":{"rendered":"<p>A cera de algas marinhas possui propriedades que favorecem a redu\u00e7\u00e3o adiposa e celul\u00edtica, tamb\u00e9m conhecida como cera Negra de Algas ou Cera Espanhola \u00e9 produzida artesanalmente com colof\u00f4nia e cera bruta de abelhas, \u00f3leos essenciais e extrato de algas, n\u00e3o provoca Alergia , n\u00e3o possuindo contra indica\u00e7\u00f5es, sua aplica\u00e7\u00e3o \u00e9 pelo M\u00e9todo Espanhol de depila\u00e7\u00e3o.<br \/>\nAcalma e hidrata a pele no processo depilat\u00f3rio, atua inibindo a flacid\u00eas provocada pela depila\u00e7\u00e3o com ceras convencionais, al\u00e9m de ajudar a reduzir estrias e celulites.<br \/>\nSendo ideal para pessoas de peles mais sens\u00edveis e maior flacid\u00eas.<\/p>\n<p>Sua retirada da pele \u00e9 feita com a pr\u00f3pria cera, proporciona hidrata\u00e7\u00e3o durante o processo depilat\u00f3rio, al\u00e9m de ajudar a reduzir estrias e celulites. Sendo ideal para pessoas de peles mais sens\u00edveis e maior flacid\u00eas.<\/p>\n<p><strong>PROPRIEDADES:<\/strong><br \/>\nPor conter extrato de algas rico em fonte de sais minerais(c\u00e1lcio e ferro, f\u00f3sforo, magn\u00e9sio, etc.) e oligoelementos (praticamente todos, destacando: iodo, sil\u00edcio, zinco, mangan\u00e9sio, cobre, sel\u00e9nio, etc.) combatem Radicais Livres, firmam os tecidos, favorecem a redu\u00e7\u00e3o adiposa e celul\u00edtica, ajuda a eliminar o estresse cut\u00e2neo, remineralizam a pele, suavizam e hidratam a pele, auxilia na preven\u00e7\u00e3o de estrias, s\u00e3o hidratantes e nutritivas devolvendo a pele o aspecto de jovialidade.<\/p>\n","protected":false},"excerpt":{"rendered":"<p>&nbsp;<\/p>\n<p>A cera de algas marinhas possui propriedades que favorecem a redu\u00e7\u00e3o adiposa e celul\u00edtica facilitando a remo\u00e7\u00e3o dos p\u00ealos pela raiz.<br \/>\nA cera de algas \u00e9 hipoalerg\u00eanica, fabricada com produtos naturais e de origem vegetal \u00e9 ideal para todos os tipos de pele, promove uma depila\u00e7\u00e3o suave, reduz a dor e a irrita\u00e7\u00e3o.<\/p>\n<p>Promove a redu\u00e7\u00e3o da foliculite, acabando com o esbranqui\u00e7ado da pele (c\u00e9lulas mortas).<br \/>\nCera totalmente descart\u00e1vel e pr\u00e1tica, possui alto rendimento por permitir que a cera seja aplicada em camadas finas e em grandes \u00e1reas como perna inteira, costas masculinas, peitorais etc..<br \/>\nSua textura fina e el\u00e1stica faz a cera pegar os menores p\u00ealos e n\u00e3o quebra na retirada.<\/p>\n","protected":false},"featured_media":943,"comment_status":"open","ping_status":"closed","template":"","meta":[],"product_brand":[],"product_cat":[25],"product_tag":[],"class_list":{"0":"post-64","1":"product","2":"type-product","3":"status-publish","4":"has-post-thumbnail","6":"product_cat-cera-elastica","8":"first","9":"instock","10":"shipping-taxable","11":"purchasable","12":"product-type-simple"},"wppr_data":{"cwp_meta_box_check":"No"},"jetpack_sharing_enabled":true,"_links":{"self":[{"href":"https:\/\/ceranegra.com.br\/wordpress\/wp-json\/wp\/v2\/product\/64","targetHints":{"allow":["GET"]}}],"collection":[{"href":"https:\/\/ceranegra.com.br\/wordpress\/wp-json\/wp\/v2\/product"}],"about":[{"href":"https:\/\/ceranegra.com.br\/wordpress\/wp-json\/wp\/v2\/types\/product"}],"replies":[{"embeddable":true,"href":"https:\/\/ceranegra.com.br\/wordpress\/wp-json\/wp\/v2\/comments?post=64"}],"wp:featuredmedia":[{"embeddable":true,"href":"https:\/\/ceranegra.com.br\/wordpress\/wp-json\/wp\/v2\/media\/943"}],"wp:attachment":[{"href":"https:\/\/ceranegra.com.br\/wordpress\/wp-json\/wp\/v2\/media?parent=64"}],"wp:term":[{"taxonomy":"product_brand","embeddable":true,"href":"https:\/\/ceranegra.com.br\/wordpress\/wp-json\/wp\/v2\/product_brand?post=64"},{"taxonomy":"product_cat","embeddable":true,"href":"https:\/\/ceranegra.com.br\/wordpress\/wp-json\/wp\/v2\/product_cat?post=64"},{"taxonomy":"product_tag","embeddable":true,"href":"https:\/\/ceranegra.com.br\/wordpress\/wp-json\/wp\/v2\/product_tag?post=64"}],"curies":[{"name":"wp","href":"https:\/\/api.w.org\/{rel}","templated":true}]}}