{"id":65,"date":"2017-10-14T17:36:15","date_gmt":"2017-10-14T20:36:15","guid":{"rendered":"http:\/\/ceranegra.com.br\/wordpress\/?p=65"},"modified":"2025-09-30T09:44:56","modified_gmt":"2025-09-30T12:44:56","slug":"cravo","status":"publish","type":"product","link":"https:\/\/ceranegra.com.br\/wordpress\/produto\/cravo\/","title":{"rendered":"Cera de Cravo 500gr"},"content":{"rendered":"<p>PROPRIEDADES:<\/p>\n<p>Por conter \u00f3leo natural de cravo o qual possui um teor de 80% de eugenol (subst\u00e2ncia anest\u00e9sica) atua como anest\u00e9sico e analg\u00e9sico nos tecidos superficiais da pele, retardando suas liga\u00e7\u00f5es nervosas. Possui ainda fun\u00e7\u00e3o anti-bactericidas e anti-s\u00e9pticas. Com estas caracter\u00edsticas contribui para amenizar a sensa\u00e7\u00e3o dolor durante o processo depialat\u00f3rio e inibir o surgimento de micoses e infec\u00e7\u00f5es diversas.<\/p>\n<p>MODO DE USO:<br \/>\nAquecer a Cera Depilat\u00f3ria Cravo, com o processo de sua prefer\u00eancia: Termo cera ou banho maria, at\u00e9 atingir aproximadamente 40\u00b0C ou at\u00e9 que sua consist\u00eancia fique male\u00e1vel. Testar se a temperatura da cera est\u00e1 confort\u00e1vel \u00e0 pele. Fazer a limpeza da \u00e1rea a ser depilada com o produto de sua prefer\u00eancia, certificando-se que a pele esteja limpa, seca, sem res\u00edduos de \u00f3leos, cremes e suor. Aplicar, com aux\u00edlio de uma esp\u00e1tula, uma fina camada de cera sobre a pele, no sentido do crescimento dos pelos, sem deixar uma camada muito grossa. Ap\u00f3s secar, com uma das m\u00e3os estique a pele e a outra, puxar rapidamente no sentido contr\u00e1rio dos pelos, sempre em paralelo a pele, nunca verticalmente. Ap\u00f3s a depila\u00e7\u00e3o, retirar os res\u00edduos de cera com algod\u00e3o umedecido em \u00e1gua. Finalizar aplicando um p\u00f3s de sua prefer\u00eancia.<\/p>\n<p>COMPOSI\u00c7\u00c3O:<br \/>\nCOLOPHONIUM, CERA ALBA , LANOLIN , EUGENOL AND CI 4720<\/p>\n<p><em>Validade: 3 anos<\/em><\/p>\n","protected":false},"excerpt":{"rendered":"<p>&nbsp;<\/p>\n<p>Cera considerada a cera menos dolorida\u00a0 atualmente, pois por conter o extrato de cravo (Eugenol), dilata os poros facilitando a remo\u00e7\u00e3o dos p\u00ealos consequentemente reduzindo a dor no processo depilat\u00f3rio.<br \/>\nSua retirada da pele \u00e9 feita com a pr\u00f3pria cera, \u00f3tima para institutos de depila\u00e7\u00e3o.<br \/>\nSeu efeito \u00e9 melhor percebido deixando a cera sobre a pele de 2 a 3 minutos para que o extrato comece a agir na dilata\u00e7\u00e3o dos poros.<br \/>\nLembramos que n\u00e3o existe cera totalmente anest\u00e9sica a qual voc\u00ea n\u00e3o ir\u00e1 sentir dor,\u00a0 procuramos reduzir\u00a0 o efeito da dor com a vaso-dilata\u00e7\u00e3o.<br \/>\nA sensa\u00e7\u00e3o de dor durante a depila\u00e7\u00e3o varia muito de pessoa para pessoa e depende muito da t\u00e9cnica de aplica\u00e7\u00e3o da cera, pois se aplicada corretamente menos dor ser\u00e1 sentida.<br \/>\nO processo de retirada \u00e9 o do sistema Espanhol.<br \/>\nIdeal para quem sofre com a depila\u00e7\u00e3o.<\/p>\n","protected":false},"featured_media":945,"comment_status":"open","ping_status":"closed","template":"","meta":[],"product_brand":[],"product_cat":[25],"product_tag":[41,39],"class_list":{"0":"post-65","1":"product","2":"type-product","3":"status-publish","4":"has-post-thumbnail","6":"product_cat-cera-elastica","7":"product_tag-cera-cravo","8":"product_tag-cera-elastica","10":"first","11":"instock","12":"taxable","13":"shipping-taxable","14":"purchasable","15":"product-type-simple"},"wppr_data":{"cwp_meta_box_check":"No"},"jetpack_sharing_enabled":true,"_links":{"self":[{"href":"https:\/\/ceranegra.com.br\/wordpress\/wp-json\/wp\/v2\/product\/65","targetHints":{"allow":["GET"]}}],"collection":[{"href":"https:\/\/ceranegra.com.br\/wordpress\/wp-json\/wp\/v2\/product"}],"about":[{"href":"https:\/\/ceranegra.com.br\/wordpress\/wp-json\/wp\/v2\/types\/product"}],"replies":[{"embeddable":true,"href":"https:\/\/ceranegra.com.br\/wordpress\/wp-json\/wp\/v2\/comments?post=65"}],"wp:featuredmedia":[{"embeddable":true,"href":"https:\/\/ceranegra.com.br\/wordpress\/wp-json\/wp\/v2\/media\/945"}],"wp:attachment":[{"href":"https:\/\/ceranegra.com.br\/wordpress\/wp-json\/wp\/v2\/media?parent=65"}],"wp:term":[{"taxonomy":"product_brand","embeddable":true,"href":"https:\/\/ceranegra.com.br\/wordpress\/wp-json\/wp\/v2\/product_brand?post=65"},{"taxonomy":"product_cat","embeddable":true,"href":"https:\/\/ceranegra.com.br\/wordpress\/wp-json\/wp\/v2\/product_cat?post=65"},{"taxonomy":"product_tag","embeddable":true,"href":"https:\/\/ceranegra.com.br\/wordpress\/wp-json\/wp\/v2\/product_tag?post=65"}],"curies":[{"name":"wp","href":"https:\/\/api.w.org\/{rel}","templated":true}]}}