{"id":66,"date":"2017-10-14T17:36:15","date_gmt":"2017-10-14T20:36:15","guid":{"rendered":"http:\/\/ceranegra.com.br\/wordpress\/?p=66"},"modified":"2025-09-29T22:55:08","modified_gmt":"2025-09-30T01:55:08","slug":"cerabranca","status":"publish","type":"product","link":"https:\/\/ceranegra.com.br\/wordpress\/produto\/cerabranca\/","title":{"rendered":"Cera Chocolate Branco"},"content":{"rendered":"<p>Composta com \u00f3leo de cacau e cera pura de abelhas, n\u00e3o resseca a pele, devido as propriedades do chocolate (cacau) a pele \u00e9 hidratada durante o processo depilat\u00f3rio.<br \/>\nSendo de f\u00e1cil aplica\u00e7\u00e3o permite uma depila\u00e7\u00e3o r\u00e1pida e segura.<br \/>\nPor ter uma textura diferenciada das ceras convencionais ela remove os p\u00ealos e c\u00e9lulas queratinizadas\u00a0 constitu\u00edda de c\u00e9lulas mortas n\u00e3o aderindo na pele ativa evitando assim vermelh\u00f5es e poss\u00edveis esfolia\u00e7\u00f5es que ocorrem no processo depilat\u00f3rio facial convencional.<br \/>\nDica:<br \/>\nAntes de come\u00e7ar, voc\u00ea precisa tratar a pele do seu rosto diferentemente de como trata as outras partes do corpo. Principalmente na depila\u00e7\u00e3o, j\u00e1 que a parte facial \u00e9 muito mais sens\u00edvel que as outras e tamb\u00e9m oferece muito mais risco de ficar manchada, dolorida e at\u00e9 fissurada.<br \/>\nPor esse motivo, \u00e9 muito importante tomar cuidado antes de depilar o rosto inteiro com uma t\u00e9cnica desconhecida. Voc\u00ea deve escolher o m\u00e9todo menos agressivo para a sua face, al\u00e9m de prestar aten\u00e7\u00e3o em detalhes ; como a temperatura da cera quente (deve estar morna), caso voc\u00ea escolha essa t\u00e9cnica.<\/p>\n<p><em>Validade 3 anos.<\/em><\/p>\n","protected":false},"excerpt":{"rendered":"<p>Cera de baixa fus\u00e3o indicada para peles sens\u00edveis, sua f\u00f3rmula possui componentes que fazem a cera aderir(grudar) somente nos p\u00ealos e n\u00e3o na pele evitando assim pequenas esfolia\u00e7\u00f5es na pele como tamb\u00e9m vermelh\u00f5es e manchas que seriam provocadas por ceras convencionais. As propriedades da cera de abelhas aliada ao \u00f3leo de cacau auxiliam na hidrata\u00e7\u00e3o atuando na base do fol\u00edculo piloso, onde est\u00e1 o <b>bulbo<\/b>, que cont\u00e9m a matriz germinativa, respons\u00e1vel <b>pelo<\/b> crescimento do <b>pelo<\/b>.<\/p>\n","protected":false},"featured_media":949,"comment_status":"open","ping_status":"closed","template":"","meta":[],"product_brand":[],"product_cat":[19],"product_tag":[37,38],"class_list":{"0":"post-66","1":"product","2":"type-product","3":"status-publish","4":"has-post-thumbnail","6":"product_cat-ceras-faciais","7":"product_tag-cera-chocolate","8":"product_tag-cera-facial","10":"first","11":"instock","12":"shipping-taxable","13":"purchasable","14":"product-type-simple"},"wppr_data":{"cwp_meta_box_check":"No"},"jetpack_sharing_enabled":true,"_links":{"self":[{"href":"https:\/\/ceranegra.com.br\/wordpress\/wp-json\/wp\/v2\/product\/66","targetHints":{"allow":["GET"]}}],"collection":[{"href":"https:\/\/ceranegra.com.br\/wordpress\/wp-json\/wp\/v2\/product"}],"about":[{"href":"https:\/\/ceranegra.com.br\/wordpress\/wp-json\/wp\/v2\/types\/product"}],"replies":[{"embeddable":true,"href":"https:\/\/ceranegra.com.br\/wordpress\/wp-json\/wp\/v2\/comments?post=66"}],"wp:featuredmedia":[{"embeddable":true,"href":"https:\/\/ceranegra.com.br\/wordpress\/wp-json\/wp\/v2\/media\/949"}],"wp:attachment":[{"href":"https:\/\/ceranegra.com.br\/wordpress\/wp-json\/wp\/v2\/media?parent=66"}],"wp:term":[{"taxonomy":"product_brand","embeddable":true,"href":"https:\/\/ceranegra.com.br\/wordpress\/wp-json\/wp\/v2\/product_brand?post=66"},{"taxonomy":"product_cat","embeddable":true,"href":"https:\/\/ceranegra.com.br\/wordpress\/wp-json\/wp\/v2\/product_cat?post=66"},{"taxonomy":"product_tag","embeddable":true,"href":"https:\/\/ceranegra.com.br\/wordpress\/wp-json\/wp\/v2\/product_tag?post=66"}],"curies":[{"name":"wp","href":"https:\/\/api.w.org\/{rel}","templated":true}]}}